{"id":1432,"date":"2024-07-15T15:08:25","date_gmt":"2024-07-15T18:08:25","guid":{"rendered":"http:\/\/fateccotia.educacao.ws\/?page_id=1432"},"modified":"2024-07-15T15:08:26","modified_gmt":"2024-07-15T18:08:26","slug":"horarios","status":"publish","type":"page","link":"http:\/\/fateccotia.educacao.ws\/?page_id=1432","title":{"rendered":"Hor\u00e1rios"},"content":{"rendered":"\n<h2 class=\"wp-block-heading\">Vagas<\/h2>\n\n\n\n<p>O curso de Ci\u00eancia de Dados \u00e9 oferecido no per\u00edodo:<\/p>\n\n\n\n<ul>\n<li>Noite \u2013 40 vagas<\/li>\n<\/ul>\n\n\n\n<h2 class=\"wp-block-heading\">Hor\u00e1rio das aulas<\/h2>\n\n\n\n<p>2\u00aa a 6\u00aa das 19 \u00e0s 22:40 horas e s\u00e1bado das 13 \u00e0s 16:40 horas<\/p>\n\n\n\n<h2 class=\"wp-block-heading\">Resumo da carga hor\u00e1ria<\/h2>\n\n\n\n<p>2400 horas (atende CNCST) 240 horas de est\u00e1gio curricular 160 horas de Trabalho de Gradua\u00e7\u00e3o Total: 2800 horas<\/p>\n\n\n\n<h2 class=\"wp-block-heading\">Vestibular<\/h2>\n\n\n\n<p>A inscri\u00e7\u00e3o para o vestibular deve ser realizada atrav\u00e9s do site Vestibular Fatec.<\/p>\n\n\n\n<p><a href=\"http:\/\/www.vestibularfatec.com.br\/\" target=\"_blank\" rel=\"noreferrer noopener\">&nbsp;Vestibular Fatec<\/a><\/p>\n","protected":false},"excerpt":{"rendered":"<p>Vagas O curso de Ci\u00eancia de Dados \u00e9 oferecido no per\u00edodo: Hor\u00e1rio das aulas 2\u00aa a 6\u00aa das 19 \u00e0s 22:40 horas e s\u00e1bado das 13 \u00e0s 16:40 horas Resumo da carga hor\u00e1ria 2400 horas (atende CNCST) 240 horas de est\u00e1gio curricular 160 horas de Trabalho de Gradua\u00e7\u00e3o Total: 2800 horas Vestibular A inscri\u00e7\u00e3o para [&hellip;]<\/p>\n","protected":false},"author":1,"featured_media":0,"parent":0,"menu_order":0,"comment_status":"closed","ping_status":"closed","template":"","meta":{"footnotes":""},"_links":{"self":[{"href":"http:\/\/fateccotia.educacao.ws\/index.php?rest_route=\/wp\/v2\/pages\/1432"}],"collection":[{"href":"http:\/\/fateccotia.educacao.ws\/index.php?rest_route=\/wp\/v2\/pages"}],"about":[{"href":"http:\/\/fateccotia.educacao.ws\/index.php?rest_route=\/wp\/v2\/types\/page"}],"author":[{"embeddable":true,"href":"http:\/\/fateccotia.educacao.ws\/index.php?rest_route=\/wp\/v2\/users\/1"}],"replies":[{"embeddable":true,"href":"http:\/\/fateccotia.educacao.ws\/index.php?rest_route=%2Fwp%2Fv2%2Fcomments&post=1432"}],"version-history":[{"count":1,"href":"http:\/\/fateccotia.educacao.ws\/index.php?rest_route=\/wp\/v2\/pages\/1432\/revisions"}],"predecessor-version":[{"id":1433,"href":"http:\/\/fateccotia.educacao.ws\/index.php?rest_route=\/wp\/v2\/pages\/1432\/revisions\/1433"}],"wp:attachment":[{"href":"http:\/\/fateccotia.educacao.ws\/index.php?rest_route=%2Fwp%2Fv2%2Fmedia&parent=1432"}],"curies":[{"name":"wp","href":"https:\/\/api.w.org\/{rel}","templated":true}]}}