{"id":27,"date":"2023-12-21T15:38:21","date_gmt":"2023-12-21T18:38:21","guid":{"rendered":"http:\/\/fateccotia.educacao.ws\/?page_id=27"},"modified":"2024-07-09T18:18:32","modified_gmt":"2024-07-09T21:18:32","slug":"home","status":"publish","type":"page","link":"http:\/\/fateccotia.educacao.ws\/","title":{"rendered":"Home"},"content":{"rendered":"\t\t<div data-elementor-type=\"wp-page\" data-elementor-id=\"27\" class=\"elementor elementor-27\">\n\t\t\t\t\t\t\t<div class=\"elementor-element elementor-element-41783d5 e-flex e-con-boxed e-con e-parent\" data-id=\"41783d5\" data-element_type=\"container\" data-settings=\"{&quot;content_width&quot;:&quot;boxed&quot;}\" data-core-v316-plus=\"true\">\n\t\t\t\t\t<div class=\"e-con-inner\">\n\t\t\t\t<div class=\"elementor-element elementor-element-578d1a4 elementor-widget__width-initial elementor-widget elementor-widget-prime-slider-general\" data-id=\"578d1a4\" data-element_type=\"widget\" data-widget_type=\"prime-slider-general.crelly\">\n\t\t\t\t<div class=\"elementor-widget-container\">\n\t\t\t\t\t<div class=\"bdt-prime-slider\">\n\t\t\t<div class=\"bdt-prime-slider-skin-crelly\">\n\t\t\t\t<div class=\"bdt-position-relative bdt-visible-toggle\" bdt-slideshow=\"{&quot;animation&quot;:&quot;push&quot;,&quot;ratio&quot;:&quot;16:6&quot;,&quot;min-height&quot;:50,&quot;autoplay&quot;:true,&quot;autoplay-interval&quot;:4000,&quot;pause-on-hover&quot;:true,&quot;draggable&quot;:true,&quot;velocity&quot;:1,&quot;finite&quot;:false}\" data-settings=\"{&quot;id&quot;:&quot;#bdt-578d1a4&quot;,&quot;animation_status&quot;:&quot;no&quot;}\" id=\"bdt-578d1a4\">\n\t\t\t\t\t<ul class=\"bdt-slideshow-items\">\n\t\t\t\t\t                    \n            <li class=\"bdt-slideshow-item bdt-flex bdt-flex-middle bdt-flex-center elementor-repeater-item-419bd7a\">\n                \n                                            \n\t\t<div class=\"bdt-ps-slide-img\" style=\"background-image: url('http:\/\/fateccotia.educacao.ws\/wp-content\/uploads\/2024\/07\/IV-Encontro-CD-Banner-V2-2048x780.png')\"><\/div>\n\n\t\t                    \n                \n                \n                \n        <div class=\"bdt-container\">\n            <div class=\"bdt-slideshow-content-wrapper\">\n                <div class=\"bdt-prime-slider-wrapper\">\n                    <div class=\"bdt-prime-slider-content\">\n\n                        <div class=\"bdt-prime-slider-desc\">\n\n                            \n                                                        \n                        <\/div>\n                                    \n                    <\/div>\n                                    <\/div>\n            <\/div>\n        <\/div>\n                    <\/li>\n\n                            \n            <li class=\"bdt-slideshow-item bdt-flex bdt-flex-middle bdt-flex-center elementor-repeater-item-a576c25\">\n                \n                                            \n\t\t<div class=\"bdt-ps-slide-img\" style=\"background-image: url('http:\/\/fateccotia.educacao.ws\/wp-content\/uploads\/2023\/12\/fatec-cotia-20220310-featured.png')\"><\/div>\n\n\t\t                    \n                \n                \n                \n        <div class=\"bdt-container\">\n            <div class=\"bdt-slideshow-content-wrapper\">\n                <div class=\"bdt-prime-slider-wrapper\">\n                    <div class=\"bdt-prime-slider-content\">\n\n                        <div class=\"bdt-prime-slider-desc\">\n\n                            \n                                                        \n                        <\/div>\n                                    \n                    <\/div>\n                                    <\/div>\n            <\/div>\n        <\/div>\n                    <\/li>\n\n                            \n            <li class=\"bdt-slideshow-item bdt-flex bdt-flex-middle bdt-flex-center elementor-repeater-item-5357d7f\">\n                \n                                            \n\t\t<div class=\"bdt-ps-slide-img\" style=\"background-image: url('http:\/\/fateccotia.educacao.ws\/wp-content\/uploads\/2024\/04\/Capa-para-Facebook.png')\"><\/div>\n\n\t\t                    \n                \n                \n                \n        <div class=\"bdt-container\">\n            <div class=\"bdt-slideshow-content-wrapper\">\n                <div class=\"bdt-prime-slider-wrapper\">\n                    <div class=\"bdt-prime-slider-content\">\n\n                        <div class=\"bdt-prime-slider-desc\">\n\n                            \n                                                        \n                        <\/div>\n                                    \n                    <\/div>\n                                    <\/div>\n            <\/div>\n        <\/div>\n                    <\/li>\n\n                \n            <\/ul>\n                \n                \n            \n                        \n            \n        \n                <\/div>\n                \n                            <\/div>\n        <\/div>\n        \t\t<\/div>\n\t\t\t\t<\/div>\n\t\t\t\t\t<\/div>\n\t\t\t\t<\/div>\n\t\t<div class=\"elementor-element elementor-element-cf7e374 e-flex e-con-boxed e-con e-parent\" data-id=\"cf7e374\" data-element_type=\"container\" data-settings=\"{&quot;content_width&quot;:&quot;boxed&quot;}\" data-core-v316-plus=\"true\">\n\t\t\t\t\t<div class=\"e-con-inner\">\n\t\t\t\t<div class=\"elementor-element elementor-element-26a58e5 elementor-widget elementor-widget-heading\" data-id=\"26a58e5\" data-element_type=\"widget\" data-widget_type=\"heading.default\">\n\t\t\t\t<div class=\"elementor-widget-container\">\n\t\t\t<style>\/*! elementor - v3.18.0 - 20-12-2023 *\/\n.elementor-heading-title{padding:0;margin:0;line-height:1}.elementor-widget-heading .elementor-heading-title[class*=elementor-size-]>a{color:inherit;font-size:inherit;line-height:inherit}.elementor-widget-heading .elementor-heading-title.elementor-size-small{font-size:15px}.elementor-widget-heading .elementor-heading-title.elementor-size-medium{font-size:19px}.elementor-widget-heading .elementor-heading-title.elementor-size-large{font-size:29px}.elementor-widget-heading .elementor-heading-title.elementor-size-xl{font-size:39px}.elementor-widget-heading .elementor-heading-title.elementor-size-xxl{font-size:59px}<\/style><h2 class=\"elementor-heading-title elementor-size-default\">Cursos de gradua\u00e7\u00e3o<\/h2>\t\t<\/div>\n\t\t\t\t<\/div>\n\t\t\t\t\t<\/div>\n\t\t\t\t<\/div>\n\t\t<div class=\"elementor-element elementor-element-de6b673 e-flex e-con-boxed e-con e-parent\" data-id=\"de6b673\" data-element_type=\"container\" data-settings=\"{&quot;content_width&quot;:&quot;boxed&quot;}\" data-core-v316-plus=\"true\">\n\t\t\t\t\t<div class=\"e-con-inner\">\n\t\t<div class=\"elementor-element elementor-element-f3715e5 e-con-full e-flex e-con e-child\" data-id=\"f3715e5\" data-element_type=\"container\" data-settings=\"{&quot;content_width&quot;:&quot;full&quot;}\">\n\t\t\t\t<div class=\"elementor-element elementor-element-b1805d3 elementor-widget elementor-widget-text-editor\" data-id=\"b1805d3\" data-element_type=\"widget\" data-widget_type=\"text-editor.default\">\n\t\t\t\t<div class=\"elementor-widget-container\">\n\t\t\t<style>\/*! elementor - v3.18.0 - 20-12-2023 *\/\n.elementor-widget-text-editor.elementor-drop-cap-view-stacked .elementor-drop-cap{background-color:#69727d;color:#fff}.elementor-widget-text-editor.elementor-drop-cap-view-framed .elementor-drop-cap{color:#69727d;border:3px solid;background-color:transparent}.elementor-widget-text-editor:not(.elementor-drop-cap-view-default) .elementor-drop-cap{margin-top:8px}.elementor-widget-text-editor:not(.elementor-drop-cap-view-default) .elementor-drop-cap-letter{width:1em;height:1em}.elementor-widget-text-editor .elementor-drop-cap{float:left;text-align:center;line-height:1;font-size:50px}.elementor-widget-text-editor .elementor-drop-cap-letter{display:inline-block}<\/style>\t\t\t\t<h3 class=\"home-course-title\">Ci\u00eancia de Dados<\/h3><p class=\"home-course-text\">Modele de solu\u00e7\u00f5es, empregando algoritmos e t\u00e9cnicas estat\u00edsticas para an\u00e1lise de dados e gera\u00e7\u00e3o de conhecimento. Com base em abordagem cient\u00edfica, apoie a tomada de decis\u00e3o na gest\u00e3o das organiza\u00e7\u00f5es.<\/p>\t\t\t\t\t\t<\/div>\n\t\t\t\t<\/div>\n\t\t\t\t<div class=\"elementor-element elementor-element-8de38a1 elementor-align-center elementor-widget elementor-widget-button\" data-id=\"8de38a1\" data-element_type=\"widget\" data-widget_type=\"button.default\">\n\t\t\t\t<div class=\"elementor-widget-container\">\n\t\t\t\t\t<div class=\"elementor-button-wrapper\">\n\t\t\t<a class=\"elementor-button elementor-button-link elementor-size-sm\" href=\"http:\/\/fateccotia.educacao.ws\/?page_id=306\">\n\t\t\t\t\t\t<span class=\"elementor-button-content-wrapper\">\n\t\t\t\t\t\t<span class=\"elementor-button-text\">Saiba Mais<\/span>\n\t\t<\/span>\n\t\t\t\t\t<\/a>\n\t\t<\/div>\n\t\t\t\t<\/div>\n\t\t\t\t<\/div>\n\t\t\t\t<\/div>\n\t\t<div class=\"elementor-element elementor-element-1733f47 e-con-full e-flex e-con e-child\" data-id=\"1733f47\" data-element_type=\"container\" data-settings=\"{&quot;content_width&quot;:&quot;full&quot;}\">\n\t\t\t\t<div class=\"elementor-element elementor-element-dd7a802 elementor-widget elementor-widget-text-editor\" data-id=\"dd7a802\" data-element_type=\"widget\" data-widget_type=\"text-editor.default\">\n\t\t\t\t<div class=\"elementor-widget-container\">\n\t\t\t\t\t\t\t<h3 class=\"home-course-title\">Com\u00e9rcio Exterior (novo)<\/h3><p class=\"home-course-text\">Identifique novos mercados, defina estrat\u00e9gias de atua\u00e7\u00e3o, gerencie opera\u00e7\u00f5es de importa\u00e7\u00e3o e exporta\u00e7\u00e3o, realize negocia\u00e7\u00f5es, efetue e controle compras e vendas internacionais de produtos e servi\u00e7os.<\/p>\t\t\t\t\t\t<\/div>\n\t\t\t\t<\/div>\n\t\t\t\t<div class=\"elementor-element elementor-element-e5a7e83 elementor-align-center elementor-widget elementor-widget-button\" data-id=\"e5a7e83\" data-element_type=\"widget\" data-widget_type=\"button.default\">\n\t\t\t\t<div class=\"elementor-widget-container\">\n\t\t\t\t\t<div class=\"elementor-button-wrapper\">\n\t\t\t<a class=\"elementor-button elementor-button-link elementor-size-sm\" href=\"http:\/\/fateccotia.educacao.ws\/?page_id=312\">\n\t\t\t\t\t\t<span class=\"elementor-button-content-wrapper\">\n\t\t\t\t\t\t<span class=\"elementor-button-text\">Saiba Mais<\/span>\n\t\t<\/span>\n\t\t\t\t\t<\/a>\n\t\t<\/div>\n\t\t\t\t<\/div>\n\t\t\t\t<\/div>\n\t\t\t\t<\/div>\n\t\t\t\t\t<\/div>\n\t\t\t\t<\/div>\n\t\t<div class=\"elementor-element elementor-element-af36409 e-flex e-con-boxed e-con e-parent\" data-id=\"af36409\" data-element_type=\"container\" data-settings=\"{&quot;content_width&quot;:&quot;boxed&quot;}\" data-core-v316-plus=\"true\">\n\t\t\t\t\t<div class=\"e-con-inner\">\n\t\t<div class=\"elementor-element elementor-element-3ebe910 e-con-full e-flex e-con e-child\" data-id=\"3ebe910\" data-element_type=\"container\" data-settings=\"{&quot;content_width&quot;:&quot;full&quot;}\">\n\t\t\t\t<div class=\"elementor-element elementor-element-58c531c elementor-widget elementor-widget-text-editor\" data-id=\"58c531c\" data-element_type=\"widget\" data-widget_type=\"text-editor.default\">\n\t\t\t\t<div class=\"elementor-widget-container\">\n\t\t\t\t\t\t\t<h3 class=\"home-course-title\">Desenvolvimento de Software Multiplataforma<\/h3><p class=\"home-course-text\">Projete, desenvolva e teste softwares para m\u00faltiplas plataformas, por meio do uso de tecnologias, tais como Intelig\u00eancia Artificial e computa\u00e7\u00e3o em nuvem, em empresas de terceiros ou no seu pr\u00f3prio neg\u00f3cio.<\/p>\t\t\t\t\t\t<\/div>\n\t\t\t\t<\/div>\n\t\t\t\t<div class=\"elementor-element elementor-element-cb3aea3 elementor-align-center elementor-widget elementor-widget-button\" data-id=\"cb3aea3\" data-element_type=\"widget\" data-widget_type=\"button.default\">\n\t\t\t\t<div class=\"elementor-widget-container\">\n\t\t\t\t\t<div class=\"elementor-button-wrapper\">\n\t\t\t<a class=\"elementor-button elementor-button-link elementor-size-sm\" href=\"http:\/\/fateccotia.educacao.ws\/?page_id=308\">\n\t\t\t\t\t\t<span class=\"elementor-button-content-wrapper\">\n\t\t\t\t\t\t<span class=\"elementor-button-text\">Saiba Mais<\/span>\n\t\t<\/span>\n\t\t\t\t\t<\/a>\n\t\t<\/div>\n\t\t\t\t<\/div>\n\t\t\t\t<\/div>\n\t\t\t\t<\/div>\n\t\t<div class=\"elementor-element elementor-element-8e29fe3 e-con-full e-flex e-con e-child\" data-id=\"8e29fe3\" data-element_type=\"container\" data-settings=\"{&quot;content_width&quot;:&quot;full&quot;}\">\n\t\t\t\t<div class=\"elementor-element elementor-element-05c9f00 elementor-widget elementor-widget-text-editor\" data-id=\"05c9f00\" data-element_type=\"widget\" data-widget_type=\"text-editor.default\">\n\t\t\t\t<div class=\"elementor-widget-container\">\n\t\t\t\t\t\t\t<h3 class=\"home-course-title\">Design de Produto (novo)<\/h3><p class=\"home-course-text\">Integre equipes de desenvolvimento de produtos, aplicando t\u00e9cnicas manuais e digitais, para elabora\u00e7\u00e3o de modelos e prot\u00f3tipos para testes de produ\u00e7\u00e3o e experi\u00eancia do usu\u00e1rio.<\/p>\t\t\t\t\t\t<\/div>\n\t\t\t\t<\/div>\n\t\t\t\t<div class=\"elementor-element elementor-element-d8a07ad elementor-align-center elementor-widget elementor-widget-button\" data-id=\"d8a07ad\" data-element_type=\"widget\" data-widget_type=\"button.default\">\n\t\t\t\t<div class=\"elementor-widget-container\">\n\t\t\t\t\t<div class=\"elementor-button-wrapper\">\n\t\t\t<a class=\"elementor-button elementor-button-link elementor-size-sm\" href=\"http:\/\/fateccotia.educacao.ws\/?page_id=310\">\n\t\t\t\t\t\t<span class=\"elementor-button-content-wrapper\">\n\t\t\t\t\t\t<span class=\"elementor-button-text\">Saiba Mais<\/span>\n\t\t<\/span>\n\t\t\t\t\t<\/a>\n\t\t<\/div>\n\t\t\t\t<\/div>\n\t\t\t\t<\/div>\n\t\t\t\t<\/div>\n\t\t\t\t\t<\/div>\n\t\t\t\t<\/div>\n\t\t<div class=\"elementor-element elementor-element-ee29c0b e-flex e-con-boxed e-con e-parent\" data-id=\"ee29c0b\" data-element_type=\"container\" data-settings=\"{&quot;content_width&quot;:&quot;boxed&quot;}\" data-core-v316-plus=\"true\">\n\t\t\t\t\t<div class=\"e-con-inner\">\n\t\t<div class=\"elementor-element elementor-element-457c484 e-con-full e-flex e-con e-child\" data-id=\"457c484\" data-element_type=\"container\" data-settings=\"{&quot;content_width&quot;:&quot;full&quot;}\">\n\t\t\t\t<div class=\"elementor-element elementor-element-a67a22f elementor-widget elementor-widget-text-editor\" data-id=\"a67a22f\" data-element_type=\"widget\" data-widget_type=\"text-editor.default\">\n\t\t\t\t<div class=\"elementor-widget-container\">\n\t\t\t\t\t\t\t<h3 class=\"home-course-title\">Gest\u00e3o Empresarial<\/h3><p class=\"home-course-text\">Atue na gest\u00e3o de recursos humanos, materiais, mercadol\u00f3gicos e financeiros de uma empresa, e adicionalmente elabore e gira planos de neg\u00f3cio, processos e atividades.<\/p>\t\t\t\t\t\t<\/div>\n\t\t\t\t<\/div>\n\t\t\t\t<div class=\"elementor-element elementor-element-0e87c20 elementor-align-center elementor-widget elementor-widget-button\" data-id=\"0e87c20\" data-element_type=\"widget\" data-widget_type=\"button.default\">\n\t\t\t\t<div class=\"elementor-widget-container\">\n\t\t\t\t\t<div class=\"elementor-button-wrapper\">\n\t\t\t<a class=\"elementor-button elementor-button-link elementor-size-sm\" href=\"http:\/\/fateccotia.educacao.ws\/?page_id=301\">\n\t\t\t\t\t\t<span class=\"elementor-button-content-wrapper\">\n\t\t\t\t\t\t<span class=\"elementor-button-text\">Saiba Mais<\/span>\n\t\t<\/span>\n\t\t\t\t\t<\/a>\n\t\t<\/div>\n\t\t\t\t<\/div>\n\t\t\t\t<\/div>\n\t\t\t\t<\/div>\n\t\t<div class=\"elementor-element elementor-element-8573b65 e-con-full e-flex e-con e-child\" data-id=\"8573b65\" data-element_type=\"container\" data-settings=\"{&quot;content_width&quot;:&quot;full&quot;}\">\n\t\t\t\t<div class=\"elementor-element elementor-element-390b56e elementor-widget elementor-widget-text-editor\" data-id=\"390b56e\" data-element_type=\"widget\" data-widget_type=\"text-editor.default\">\n\t\t\t\t<div class=\"elementor-widget-container\">\n\t\t\t\t\t\t\t<h3 class=\"home-course-title\">Gest\u00e3o Produ\u00e7\u00e3o Industrial<\/h3><p class=\"home-course-text\">Melhore a qualidade e a produtividade das empresas, atuando no planejamento das atividades, no controle da produ\u00e7\u00e3o e da log\u00edstica, e na inova\u00e7\u00e3o em produtos e servi\u00e7os.<\/p>\t\t\t\t\t\t<\/div>\n\t\t\t\t<\/div>\n\t\t\t\t<div class=\"elementor-element elementor-element-65ad200 elementor-align-center elementor-widget elementor-widget-button\" data-id=\"65ad200\" data-element_type=\"widget\" data-widget_type=\"button.default\">\n\t\t\t\t<div class=\"elementor-widget-container\">\n\t\t\t\t\t<div class=\"elementor-button-wrapper\">\n\t\t\t<a class=\"elementor-button elementor-button-link elementor-size-sm\" href=\"http:\/\/fateccotia.educacao.ws\/?page_id=304\">\n\t\t\t\t\t\t<span class=\"elementor-button-content-wrapper\">\n\t\t\t\t\t\t<span class=\"elementor-button-text\">Saiba Mais<\/span>\n\t\t<\/span>\n\t\t\t\t\t<\/a>\n\t\t<\/div>\n\t\t\t\t<\/div>\n\t\t\t\t<\/div>\n\t\t\t\t<\/div>\n\t\t\t\t\t<\/div>\n\t\t\t\t<\/div>\n\t\t<div class=\"elementor-element elementor-element-f795d17 e-flex e-con-boxed e-con e-parent\" data-id=\"f795d17\" data-element_type=\"container\" data-settings=\"{&quot;content_width&quot;:&quot;boxed&quot;}\" data-core-v316-plus=\"true\">\n\t\t\t\t\t<div class=\"e-con-inner\">\n\t\t\t\t\t<\/div>\n\t\t\t\t<\/div>\n\t\t<div class=\"elementor-element elementor-element-c2a839f e-flex e-con-boxed e-con e-parent\" data-id=\"c2a839f\" data-element_type=\"container\" data-settings=\"{&quot;content_width&quot;:&quot;boxed&quot;}\" data-core-v316-plus=\"true\">\n\t\t\t\t\t<div class=\"e-con-inner\">\n\t\t\t\t\t<\/div>\n\t\t\t\t<\/div>\n\t\t<div class=\"elementor-element elementor-element-ffcab82 e-flex e-con-boxed e-con e-parent\" data-id=\"ffcab82\" data-element_type=\"container\" data-settings=\"{&quot;content_width&quot;:&quot;boxed&quot;}\" data-core-v316-plus=\"true\">\n\t\t\t\t\t<div class=\"e-con-inner\">\n\t\t\t\t\t<\/div>\n\t\t\t\t<\/div>\n\t\t\t\t\t\t\t<\/div>\n\t\t","protected":false},"excerpt":{"rendered":"<p>Cursos de gradua\u00e7\u00e3o Ci\u00eancia de Dados Modele de solu\u00e7\u00f5es, empregando algoritmos e t\u00e9cnicas estat\u00edsticas para an\u00e1lise de dados e gera\u00e7\u00e3o de conhecimento. Com base em abordagem cient\u00edfica, apoie a tomada de decis\u00e3o na gest\u00e3o das organiza\u00e7\u00f5es. Saiba Mais Com\u00e9rcio Exterior (novo) Identifique novos mercados, defina estrat\u00e9gias de atua\u00e7\u00e3o, gerencie opera\u00e7\u00f5es de importa\u00e7\u00e3o e exporta\u00e7\u00e3o, realize [&hellip;]<\/p>\n","protected":false},"author":1,"featured_media":0,"parent":0,"menu_order":0,"comment_status":"closed","ping_status":"closed","template":"elementor_header_footer","meta":{"footnotes":""},"_links":{"self":[{"href":"http:\/\/fateccotia.educacao.ws\/index.php?rest_route=\/wp\/v2\/pages\/27"}],"collection":[{"href":"http:\/\/fateccotia.educacao.ws\/index.php?rest_route=\/wp\/v2\/pages"}],"about":[{"href":"http:\/\/fateccotia.educacao.ws\/index.php?rest_route=\/wp\/v2\/types\/page"}],"author":[{"embeddable":true,"href":"http:\/\/fateccotia.educacao.ws\/index.php?rest_route=\/wp\/v2\/users\/1"}],"replies":[{"embeddable":true,"href":"http:\/\/fateccotia.educacao.ws\/index.php?rest_route=%2Fwp%2Fv2%2Fcomments&post=27"}],"version-history":[{"count":211,"href":"http:\/\/fateccotia.educacao.ws\/index.php?rest_route=\/wp\/v2\/pages\/27\/revisions"}],"predecessor-version":[{"id":1336,"href":"http:\/\/fateccotia.educacao.ws\/index.php?rest_route=\/wp\/v2\/pages\/27\/revisions\/1336"}],"wp:attachment":[{"href":"http:\/\/fateccotia.educacao.ws\/index.php?rest_route=%2Fwp%2Fv2%2Fmedia&parent=27"}],"curies":[{"name":"wp","href":"https:\/\/api.w.org\/{rel}","templated":true}]}}