{"id":301,"date":"2023-12-25T17:29:54","date_gmt":"2023-12-25T20:29:54","guid":{"rendered":"http:\/\/fateccotia.educacao.ws\/?page_id=301"},"modified":"2024-07-07T22:59:37","modified_gmt":"2024-07-08T01:59:37","slug":"gestao-empresarial","status":"publish","type":"page","link":"http:\/\/fateccotia.educacao.ws\/?page_id=301","title":{"rendered":"Gest\u00e3o Empresarial"},"content":{"rendered":"\t\t<div data-elementor-type=\"wp-page\" data-elementor-id=\"301\" class=\"elementor elementor-301\">\n\t\t\t\t\t\t\t<div class=\"elementor-element elementor-element-e0d2e00 e-flex e-con-boxed e-con e-parent\" data-id=\"e0d2e00\" data-element_type=\"container\" data-settings=\"{&quot;content_width&quot;:&quot;boxed&quot;}\" data-core-v316-plus=\"true\">\n\t\t\t\t\t<div class=\"e-con-inner\">\n\t\t\t\t<div class=\"elementor-element elementor-element-26e73eb elementor-tabs-view-horizontal elementor-widget elementor-widget-tabs\" data-id=\"26e73eb\" data-element_type=\"widget\" data-widget_type=\"tabs.default\">\n\t\t\t\t<div class=\"elementor-widget-container\">\n\t\t\t<style>\/*! elementor - v3.18.0 - 20-12-2023 *\/\n.elementor-widget-tabs.elementor-tabs-view-vertical .elementor-tabs-wrapper{width:25%;flex-shrink:0}.elementor-widget-tabs.elementor-tabs-view-vertical .elementor-tab-desktop-title.elementor-active{border-right-style:none}.elementor-widget-tabs.elementor-tabs-view-vertical .elementor-tab-desktop-title.elementor-active:after,.elementor-widget-tabs.elementor-tabs-view-vertical .elementor-tab-desktop-title.elementor-active:before{height:999em;width:0;right:0;border-right-style:solid}.elementor-widget-tabs.elementor-tabs-view-vertical .elementor-tab-desktop-title.elementor-active:before{top:0;transform:translateY(-100%)}.elementor-widget-tabs.elementor-tabs-view-vertical .elementor-tab-desktop-title.elementor-active:after{top:100%}.elementor-widget-tabs.elementor-tabs-view-horizontal .elementor-tab-desktop-title{display:table-cell}.elementor-widget-tabs.elementor-tabs-view-horizontal .elementor-tab-desktop-title.elementor-active{border-bottom-style:none}.elementor-widget-tabs.elementor-tabs-view-horizontal .elementor-tab-desktop-title.elementor-active:after,.elementor-widget-tabs.elementor-tabs-view-horizontal .elementor-tab-desktop-title.elementor-active:before{bottom:0;height:0;width:999em;border-bottom-style:solid}.elementor-widget-tabs.elementor-tabs-view-horizontal .elementor-tab-desktop-title.elementor-active:before{right:100%}.elementor-widget-tabs.elementor-tabs-view-horizontal .elementor-tab-desktop-title.elementor-active:after{left:100%}.elementor-widget-tabs .elementor-tab-content,.elementor-widget-tabs .elementor-tab-title,.elementor-widget-tabs .elementor-tab-title:after,.elementor-widget-tabs .elementor-tab-title:before,.elementor-widget-tabs .elementor-tabs-content-wrapper{border:1px #d5d8dc}.elementor-widget-tabs .elementor-tabs{text-align:left}.elementor-widget-tabs .elementor-tabs-wrapper{overflow:hidden}.elementor-widget-tabs .elementor-tab-title{cursor:pointer;outline:var(--focus-outline,none)}.elementor-widget-tabs .elementor-tab-desktop-title{position:relative;padding:20px 25px;font-weight:700;line-height:1;border:solid transparent}.elementor-widget-tabs .elementor-tab-desktop-title.elementor-active{border-color:#d5d8dc}.elementor-widget-tabs .elementor-tab-desktop-title.elementor-active:after,.elementor-widget-tabs .elementor-tab-desktop-title.elementor-active:before{display:block;content:\"\";position:absolute}.elementor-widget-tabs .elementor-tab-desktop-title:focus-visible{border:1px solid #000}.elementor-widget-tabs .elementor-tab-mobile-title{padding:10px;cursor:pointer}.elementor-widget-tabs .elementor-tab-content{padding:20px;display:none}@media (max-width:767px){.elementor-tabs .elementor-tab-content,.elementor-tabs .elementor-tab-title{border-style:solid solid none}.elementor-tabs .elementor-tabs-wrapper{display:none}.elementor-tabs .elementor-tabs-content-wrapper{border-bottom-style:solid}.elementor-tabs .elementor-tab-content{padding:10px}}@media (min-width:768px){.elementor-widget-tabs.elementor-tabs-view-vertical .elementor-tabs{display:flex}.elementor-widget-tabs.elementor-tabs-view-vertical .elementor-tabs-wrapper{flex-direction:column}.elementor-widget-tabs.elementor-tabs-view-vertical .elementor-tabs-content-wrapper{flex-grow:1;border-style:solid solid solid none}.elementor-widget-tabs.elementor-tabs-view-horizontal .elementor-tab-content{border-style:none solid solid}.elementor-widget-tabs.elementor-tabs-alignment-center .elementor-tabs-wrapper,.elementor-widget-tabs.elementor-tabs-alignment-end .elementor-tabs-wrapper,.elementor-widget-tabs.elementor-tabs-alignment-stretch .elementor-tabs-wrapper{display:flex}.elementor-widget-tabs.elementor-tabs-alignment-center .elementor-tabs-wrapper{justify-content:center}.elementor-widget-tabs.elementor-tabs-alignment-end .elementor-tabs-wrapper{justify-content:flex-end}.elementor-widget-tabs.elementor-tabs-alignment-stretch.elementor-tabs-view-horizontal .elementor-tab-title{width:100%}.elementor-widget-tabs.elementor-tabs-alignment-stretch.elementor-tabs-view-vertical .elementor-tab-title{height:100%}.elementor-tabs .elementor-tab-mobile-title{display:none}}<\/style>\t\t<div class=\"elementor-tabs\">\n\t\t\t<div class=\"elementor-tabs-wrapper\" role=\"tablist\" >\n\t\t\t\t\t\t\t\t\t<div id=\"elementor-tab-title-4071\" class=\"elementor-tab-title elementor-tab-desktop-title\" aria-selected=\"true\" data-tab=\"1\" role=\"tab\" tabindex=\"0\" aria-controls=\"elementor-tab-content-4071\" aria-expanded=\"false\">Sobre<\/div>\n\t\t\t\t\t\t\t\t\t<div id=\"elementor-tab-title-4072\" class=\"elementor-tab-title elementor-tab-desktop-title\" aria-selected=\"false\" data-tab=\"2\" role=\"tab\" tabindex=\"-1\" aria-controls=\"elementor-tab-content-4072\" aria-expanded=\"false\">Grade<\/div>\n\t\t\t\t\t\t\t\t\t<div id=\"elementor-tab-title-4073\" class=\"elementor-tab-title elementor-tab-desktop-title\" aria-selected=\"false\" data-tab=\"3\" role=\"tab\" tabindex=\"-1\" aria-controls=\"elementor-tab-content-4073\" aria-expanded=\"false\">Coordena\u00e7\u00e3o<\/div>\n\t\t\t\t\t\t\t\t\t<div id=\"elementor-tab-title-4074\" class=\"elementor-tab-title elementor-tab-desktop-title\" aria-selected=\"false\" data-tab=\"4\" role=\"tab\" tabindex=\"-1\" aria-controls=\"elementor-tab-content-4074\" aria-expanded=\"false\">Hor\u00e1rio<\/div>\n\t\t\t\t\t\t\t<\/div>\n\t\t\t<div class=\"elementor-tabs-content-wrapper\" role=\"tablist\" aria-orientation=\"vertical\">\n\t\t\t\t\t\t\t\t\t<div class=\"elementor-tab-title elementor-tab-mobile-title\" aria-selected=\"true\" data-tab=\"1\" role=\"tab\" tabindex=\"0\" aria-controls=\"elementor-tab-content-4071\" aria-expanded=\"false\">Sobre<\/div>\n\t\t\t\t\t<div id=\"elementor-tab-content-4071\" class=\"elementor-tab-content elementor-clearfix\" data-tab=\"1\" role=\"tabpanel\" aria-labelledby=\"elementor-tab-title-4071\" tabindex=\"0\" hidden=\"false\"><h2 style=\"letter-spacing: normal; text-align: start;\">Sobre<\/h2>\n<h2 style=\"letter-spacing: normal; text-align: start;\">\n<p style=\"color: rgb(0, 0, 0); font-family: Verdana, sans-serif; font-size: 14px;\">A gradua\u00e7\u00e3o tecn\u00f3logica em Gest\u00e3o Empresarial tem como objetivo formar profissionais preparados para a elabora\u00e7\u00e3o de planos de neg\u00f3cios, com capacidade de an\u00e1lise de viabilidade econ\u00f4mica e financeira de projetos, de desenhar processos de produ\u00e7\u00e3o e de realizar r\u00edgido controle de efici\u00eancia.<\/p>\n<p style=\"color: rgb(0, 0, 0); font-family: Verdana, sans-serif; font-size: 14px;\">A grade curricular foi elaborada para desenvolver tamb\u00e9m as habilidades de lideran\u00e7a, comunica\u00e7\u00e3o e negocia\u00e7\u00e3o, visando o treinamento para tomada de decis\u00f5es estrat\u00e9gicas em contextos econ\u00f4micos, pol\u00edticos, culturais e sociais distintos.<\/p>\n<p style=\"color: rgb(0, 0, 0); font-family: Verdana, sans-serif; font-size: 14px;\">As disciplinas se diferenciam por estimular a vis\u00e3o empreendedora e a cria\u00e7\u00e3o de projetos sustent\u00e1veis.<\/p>\n<\/h2>\n<div>\n<h2><span style=\"letter-spacing: 0px; text-align: inherit;\">Vagas<\/span><\/h2>\n<p>O curso de Ci\u00eancia de Dados \u00e9 oferecido no per\u00edodo&nbsp;<\/p>\n<ul>\n<li><span style=\"color: var( --e-global-color-text ); font-family: var( --e-global-typography-text-font-family ), Sans-serif; font-size: var( --e-global-typography-text-font-size ); font-style: var( --e-global-typography-text-font-style ); font-weight: var( --e-global-typography-text-font-weight ); letter-spacing: 0px;\">Manh\u00e3<\/span>&nbsp;\u2013 40 vagas.<\/li>\n<li><span style=\"color: var( --e-global-color-text ); font-family: var( --e-global-typography-text-font-family ), Sans-serif; font-size: var( --e-global-typography-text-font-size ); font-style: var( --e-global-typography-text-font-style ); font-weight: var( --e-global-typography-text-font-weight ); letter-spacing: 0px;\">Noite \u2013 40 vagas.<\/span><\/li>\n<\/ul>\n<h2>Resumo da carga hor\u00e1ria<br><\/h2><article tabindex=\"-1\"><section><article tabindex=\"-1\"><ul><li>2400 horas (atende CNCST)<\/li><li>240 horas de est\u00e1gio curricular<\/li><li>160 horas de Trabalho de Gradua\u00e7\u00e3o<\/li><\/ul><p>Total: 2800 horas<\/p><h2><span style=\"letter-spacing: 0px; text-align: inherit;\">Vestibular<\/span><br><\/h2><p>A inscri\u00e7\u00e3o para o vestibular deve ser realizada atrav\u00e9s do site&nbsp;<a href=\"http:\/\/www.vestibularfatec.com.br\/\" target=\"_blank\" rel=\"noopener\">Vestibular Fatec<\/a>.<\/p><\/article><\/section><\/article><div><section><article tabindex=\"-1\"><section><br><\/section><\/article><\/section><\/div>\n<\/div><\/div>\n\t\t\t\t\t\t\t\t\t<div class=\"elementor-tab-title elementor-tab-mobile-title\" aria-selected=\"false\" data-tab=\"2\" role=\"tab\" tabindex=\"-1\" aria-controls=\"elementor-tab-content-4072\" aria-expanded=\"false\">Grade<\/div>\n\t\t\t\t\t<div id=\"elementor-tab-content-4072\" class=\"elementor-tab-content elementor-clearfix\" data-tab=\"2\" role=\"tabpanel\" aria-labelledby=\"elementor-tab-title-4072\" tabindex=\"0\" hidden=\"hidden\"><h2 style=\"letter-spacing: normal; text-align: start;\">Grade Curricular<\/h2><h3>1<span style=\"font-size: 21px; line-height: 0; position: relative; vertical-align: baseline; top: -0.5em;\">o<\/span>\u00a0ciclo<\/h3><div style=\"color: #000000; font-family: Verdana, sans-serif; font-size: 14px;\"><section><div><article tabindex=\"-1\"><ul><li>Administra\u00e7\u00e3o Geral<\/li><li>Contabilidade<\/li><li>Matem\u00e1tica<\/li><li>Inform\u00e1tica Aplicada a Gest\u00e3o<\/li><li>Sociedade, Tecnologia e Inova\u00e7\u00e3o<\/li><li>Atividades Acad\u00eamico-Cient\u00edfico Culturais I<\/li><li>Comunica\u00e7\u00e3o e Express\u00e3o<\/li><li>Ingl\u00eas I<\/li><\/ul><\/article><\/div><\/section><\/div><h3>2<span style=\"font-size: 21px; line-height: 0; position: relative; vertical-align: baseline; top: -0.5em;\">o<\/span>\u00a0ciclo<\/h3><div style=\"color: #000000; font-family: Verdana, sans-serif; font-size: 14px;\"><section><div><article tabindex=\"-1\"><ul><li>Comportamento Organizacional<\/li><li>Sociologia das Organiza\u00e7\u00f5es<\/li><li>Gest\u00e3o Ambiental<\/li><li>Economia<\/li><li>Estat\u00edstica aplicada a Gest\u00e3o<\/li><li>M\u00e9todos p\/ Produ\u00e7\u00e3o do Conhecimento<\/li><li>Ingl\u00eas II<\/li><\/ul><\/article><\/div><\/section><\/div><h3>3<span style=\"font-size: 21px; line-height: 0; position: relative; vertical-align: baseline; top: -0.5em;\">o<\/span>\u00a0ciclo<\/h3><div style=\"color: #000000; font-family: Verdana, sans-serif; font-size: 14px;\"><section><div><article tabindex=\"-1\"><ul><li>Organiza\u00e7\u00e3o, Sistemas e M\u00e9todos<\/li><li>Gest\u00e3o de Marketing<\/li><li>Gest\u00e3o de Pessoas<\/li><li>Matem\u00e1tica Financeira<\/li><li>Sistemas de Informa\u00e7\u00e3o<\/li><li>Ingl\u00eas III<\/li><\/ul><\/article><\/div><\/section><\/div><h3>4<span style=\"font-size: 21px; line-height: 0; position: relative; vertical-align: baseline; top: -0.5em;\">o<\/span>\u00a0ciclo<\/h3><div style=\"color: #000000; font-family: Verdana, sans-serif; font-size: 14px;\"><section><div><article tabindex=\"-1\"><ul><li>Planejamento de Marketing<\/li><li>Gest\u00e3o Financeira<\/li><li>Log\u00edstica<\/li><li>Direito Empresarial<\/li><li>Comunica\u00e7\u00e3o Empresarial Geral<\/li><li>Ingl\u00eas IV<\/li><\/ul><\/article><\/div><\/section><\/div><h3>5<span style=\"font-size: 21px; line-height: 0; position: relative; vertical-align: baseline; top: -0.5em;\">o<\/span>\u00a0ciclo<\/h3><div style=\"color: #000000; font-family: Verdana, sans-serif; font-size: 14px;\"><section><div><article tabindex=\"-1\"><ul><li>Gest\u00e3o de Projetos Empresariais<\/li><li>An\u00e1lise de Investimentos<\/li><li>Gest\u00e3o da Produ\u00e7\u00e3o<\/li><li>Fundamentos Gest\u00e3o da Qualidade<\/li><li>Projeto de Trabalho de Gradua\u00e7\u00e3o<\/li><li>Espanhol I<\/li><li>Ingl\u00eas V<\/li><\/ul><\/article><\/div><\/section><\/div><h3>6<span style=\"font-size: 21px; line-height: 0; position: relative; vertical-align: baseline; top: -0.5em;\">o<\/span>\u00a0ciclo<\/h3><div style=\"color: #000000; font-family: Verdana, sans-serif; font-size: 14px;\"><section><div><article tabindex=\"-1\"><ul><li>Desenvolvimento de Neg\u00f3cios<\/li><li>Planejamento e Gest\u00e3o Estrat\u00e9gica<\/li><li>Neg\u00f3cios Internacionais<\/li><li>Sistemas Integrados de Gest\u00e3o<\/li><li>Espanhol II<\/li><li>Ingl\u00eas VI<\/li><\/ul><div><a style=\"font-family: var( --e-global-typography-text-font-family ), Sans-serif; font-size: var( --e-global-typography-text-font-size ); font-style: var( --e-global-typography-text-font-style ); font-weight: var( --e-global-typography-text-font-weight ); background-color: white; letter-spacing: 0px;\" href=\"http:\/\/fateccotia.edu.br\/wp-content\/uploads\/2020\/12\/Projeto-Pedag%C3%B3gico-do-Curso-Superior-de-Tecnologia-em-Ci%C3%AAncia-de-Dados-FATEC-Cotia.pdf\" target=\"_blank\" rel=\"noopener noreferrer\">GRADE CURRICULAR DETALHADA\u00a0<\/a><\/div><\/article><\/div><\/section><\/div><div><section><div>\u00a0<\/div><\/section><\/div><\/div>\n\t\t\t\t\t\t\t\t\t<div class=\"elementor-tab-title elementor-tab-mobile-title\" aria-selected=\"false\" data-tab=\"3\" role=\"tab\" tabindex=\"-1\" aria-controls=\"elementor-tab-content-4073\" aria-expanded=\"false\">Coordena\u00e7\u00e3o<\/div>\n\t\t\t\t\t<div id=\"elementor-tab-content-4073\" class=\"elementor-tab-content elementor-clearfix\" data-tab=\"3\" role=\"tabpanel\" aria-labelledby=\"elementor-tab-title-4073\" tabindex=\"0\" hidden=\"hidden\"><div class=\"page-template-page-php\">\n<section id=\"main\">\n<div class=\"container\">\n<article id=\"content\" tabindex=\"-1\">\n<h2><span style=\"font-size: 20px; letter-spacing: 0px; text-align: inherit;\">Prof. Alberto Messias<\/span><br><\/h2>\n<div>\n<h4><a class=\"btn btn-primary btn-sm\" href=\"mailto:johne.jarske@fatec.sp.gov.br\" target=\"_blank\" rel=\"noopener noreferrer\">&nbsp;E-MAIL<\/a>&nbsp;&nbsp;<a class=\"btn btn-primary btn-sm\" href=\"http:\/\/lattes.cnpq.br\/6733739825285561\" target=\"_blank\" rel=\"noopener noreferrer\">CURR\u00cdCULO<\/a><\/h4>\n<\/div>\n<\/article>\n<\/div>\n<\/section>\n<div>\n<div class=\"page-template-page-php\">\n<section id=\"main\">\n<div class=\"container\">\n<article id=\"content\" tabindex=\"-1\">\n<div>&nbsp;<\/div>\n<\/article>\n<\/div>\n<\/section>\n<\/div>\n<\/div>\n<\/div><\/div>\n\t\t\t\t\t\t\t\t\t<div class=\"elementor-tab-title elementor-tab-mobile-title\" aria-selected=\"false\" data-tab=\"4\" role=\"tab\" tabindex=\"-1\" aria-controls=\"elementor-tab-content-4074\" aria-expanded=\"false\">Hor\u00e1rio<\/div>\n\t\t\t\t\t<div id=\"elementor-tab-content-4074\" class=\"elementor-tab-content elementor-clearfix\" data-tab=\"4\" role=\"tabpanel\" aria-labelledby=\"elementor-tab-title-4074\" tabindex=\"0\" hidden=\"hidden\"><h2><span style=\"letter-spacing: 0px; text-align: inherit;\">Hor\u00e1rio das aulas<\/span><\/h2>\n<p>Manh\u00e3: 2\u00aa a s\u00e1bado das 8h20 \u00e0s 12h.<br><\/p><p>Noite: 2\u00aa a 6\u00aa das 19h \u00e0s 22h40 e s\u00e1bado das 8h20 \u00e0s 12h.<\/p><\/div>\n\t\t\t\t\t\t\t<\/div>\n\t\t<\/div>\n\t\t\t\t<\/div>\n\t\t\t\t<\/div>\n\t\t\t\t\t<\/div>\n\t\t\t\t<\/div>\n\t\t\t\t\t\t\t<\/div>\n\t\t","protected":false},"excerpt":{"rendered":"<p>Sobre Grade Coordena\u00e7\u00e3o Hor\u00e1rio Sobre Sobre A gradua\u00e7\u00e3o tecn\u00f3logica em Gest\u00e3o Empresarial tem como objetivo formar profissionais preparados para a elabora\u00e7\u00e3o de planos de neg\u00f3cios, com capacidade de an\u00e1lise de viabilidade econ\u00f4mica e financeira de projetos, de desenhar processos de produ\u00e7\u00e3o e de realizar r\u00edgido controle de efici\u00eancia. A grade curricular foi elaborada para desenvolver [&hellip;]<\/p>\n","protected":false},"author":1,"featured_media":0,"parent":38,"menu_order":0,"comment_status":"closed","ping_status":"closed","template":"","meta":{"footnotes":""},"_links":{"self":[{"href":"http:\/\/fateccotia.educacao.ws\/index.php?rest_route=\/wp\/v2\/pages\/301"}],"collection":[{"href":"http:\/\/fateccotia.educacao.ws\/index.php?rest_route=\/wp\/v2\/pages"}],"about":[{"href":"http:\/\/fateccotia.educacao.ws\/index.php?rest_route=\/wp\/v2\/types\/page"}],"author":[{"embeddable":true,"href":"http:\/\/fateccotia.educacao.ws\/index.php?rest_route=\/wp\/v2\/users\/1"}],"replies":[{"embeddable":true,"href":"http:\/\/fateccotia.educacao.ws\/index.php?rest_route=%2Fwp%2Fv2%2Fcomments&post=301"}],"version-history":[{"count":34,"href":"http:\/\/fateccotia.educacao.ws\/index.php?rest_route=\/wp\/v2\/pages\/301\/revisions"}],"predecessor-version":[{"id":1271,"href":"http:\/\/fateccotia.educacao.ws\/index.php?rest_route=\/wp\/v2\/pages\/301\/revisions\/1271"}],"up":[{"embeddable":true,"href":"http:\/\/fateccotia.educacao.ws\/index.php?rest_route=\/wp\/v2\/pages\/38"}],"wp:attachment":[{"href":"http:\/\/fateccotia.educacao.ws\/index.php?rest_route=%2Fwp%2Fv2%2Fmedia&parent=301"}],"curies":[{"name":"wp","href":"https:\/\/api.w.org\/{rel}","templated":true}]}}