{"id":304,"date":"2023-12-25T17:32:58","date_gmt":"2023-12-25T20:32:58","guid":{"rendered":"http:\/\/fateccotia.educacao.ws\/?page_id=304"},"modified":"2024-07-07T22:46:02","modified_gmt":"2024-07-08T01:46:02","slug":"gestao-da-producao-industrial","status":"publish","type":"page","link":"http:\/\/fateccotia.educacao.ws\/?page_id=304","title":{"rendered":"Gest\u00e3o da Produ\u00e7\u00e3o Industrial"},"content":{"rendered":"\t\t<div data-elementor-type=\"wp-page\" data-elementor-id=\"304\" class=\"elementor elementor-304\">\n\t\t\t\t\t\t\t<div class=\"elementor-element elementor-element-64620d0 e-flex e-con-boxed e-con e-parent\" data-id=\"64620d0\" data-element_type=\"container\" data-settings=\"{&quot;content_width&quot;:&quot;boxed&quot;}\" data-core-v316-plus=\"true\">\n\t\t\t\t\t<div class=\"e-con-inner\">\n\t\t\t\t<div class=\"elementor-element elementor-element-94ed0d1 elementor-tabs-view-horizontal elementor-widget elementor-widget-tabs\" data-id=\"94ed0d1\" data-element_type=\"widget\" data-widget_type=\"tabs.default\">\n\t\t\t\t<div class=\"elementor-widget-container\">\n\t\t\t<style>\/*! elementor - v3.18.0 - 20-12-2023 *\/\n.elementor-widget-tabs.elementor-tabs-view-vertical .elementor-tabs-wrapper{width:25%;flex-shrink:0}.elementor-widget-tabs.elementor-tabs-view-vertical .elementor-tab-desktop-title.elementor-active{border-right-style:none}.elementor-widget-tabs.elementor-tabs-view-vertical .elementor-tab-desktop-title.elementor-active:after,.elementor-widget-tabs.elementor-tabs-view-vertical .elementor-tab-desktop-title.elementor-active:before{height:999em;width:0;right:0;border-right-style:solid}.elementor-widget-tabs.elementor-tabs-view-vertical .elementor-tab-desktop-title.elementor-active:before{top:0;transform:translateY(-100%)}.elementor-widget-tabs.elementor-tabs-view-vertical .elementor-tab-desktop-title.elementor-active:after{top:100%}.elementor-widget-tabs.elementor-tabs-view-horizontal .elementor-tab-desktop-title{display:table-cell}.elementor-widget-tabs.elementor-tabs-view-horizontal .elementor-tab-desktop-title.elementor-active{border-bottom-style:none}.elementor-widget-tabs.elementor-tabs-view-horizontal .elementor-tab-desktop-title.elementor-active:after,.elementor-widget-tabs.elementor-tabs-view-horizontal .elementor-tab-desktop-title.elementor-active:before{bottom:0;height:0;width:999em;border-bottom-style:solid}.elementor-widget-tabs.elementor-tabs-view-horizontal .elementor-tab-desktop-title.elementor-active:before{right:100%}.elementor-widget-tabs.elementor-tabs-view-horizontal .elementor-tab-desktop-title.elementor-active:after{left:100%}.elementor-widget-tabs .elementor-tab-content,.elementor-widget-tabs .elementor-tab-title,.elementor-widget-tabs .elementor-tab-title:after,.elementor-widget-tabs .elementor-tab-title:before,.elementor-widget-tabs .elementor-tabs-content-wrapper{border:1px #d5d8dc}.elementor-widget-tabs .elementor-tabs{text-align:left}.elementor-widget-tabs .elementor-tabs-wrapper{overflow:hidden}.elementor-widget-tabs .elementor-tab-title{cursor:pointer;outline:var(--focus-outline,none)}.elementor-widget-tabs .elementor-tab-desktop-title{position:relative;padding:20px 25px;font-weight:700;line-height:1;border:solid transparent}.elementor-widget-tabs .elementor-tab-desktop-title.elementor-active{border-color:#d5d8dc}.elementor-widget-tabs .elementor-tab-desktop-title.elementor-active:after,.elementor-widget-tabs .elementor-tab-desktop-title.elementor-active:before{display:block;content:\"\";position:absolute}.elementor-widget-tabs .elementor-tab-desktop-title:focus-visible{border:1px solid #000}.elementor-widget-tabs .elementor-tab-mobile-title{padding:10px;cursor:pointer}.elementor-widget-tabs .elementor-tab-content{padding:20px;display:none}@media (max-width:767px){.elementor-tabs .elementor-tab-content,.elementor-tabs .elementor-tab-title{border-style:solid solid none}.elementor-tabs .elementor-tabs-wrapper{display:none}.elementor-tabs .elementor-tabs-content-wrapper{border-bottom-style:solid}.elementor-tabs .elementor-tab-content{padding:10px}}@media (min-width:768px){.elementor-widget-tabs.elementor-tabs-view-vertical .elementor-tabs{display:flex}.elementor-widget-tabs.elementor-tabs-view-vertical .elementor-tabs-wrapper{flex-direction:column}.elementor-widget-tabs.elementor-tabs-view-vertical .elementor-tabs-content-wrapper{flex-grow:1;border-style:solid solid solid none}.elementor-widget-tabs.elementor-tabs-view-horizontal .elementor-tab-content{border-style:none solid solid}.elementor-widget-tabs.elementor-tabs-alignment-center .elementor-tabs-wrapper,.elementor-widget-tabs.elementor-tabs-alignment-end .elementor-tabs-wrapper,.elementor-widget-tabs.elementor-tabs-alignment-stretch .elementor-tabs-wrapper{display:flex}.elementor-widget-tabs.elementor-tabs-alignment-center .elementor-tabs-wrapper{justify-content:center}.elementor-widget-tabs.elementor-tabs-alignment-end .elementor-tabs-wrapper{justify-content:flex-end}.elementor-widget-tabs.elementor-tabs-alignment-stretch.elementor-tabs-view-horizontal .elementor-tab-title{width:100%}.elementor-widget-tabs.elementor-tabs-alignment-stretch.elementor-tabs-view-vertical .elementor-tab-title{height:100%}.elementor-tabs .elementor-tab-mobile-title{display:none}}<\/style>\t\t<div class=\"elementor-tabs\">\n\t\t\t<div class=\"elementor-tabs-wrapper\" role=\"tablist\" >\n\t\t\t\t\t\t\t\t\t<div id=\"elementor-tab-title-1561\" class=\"elementor-tab-title elementor-tab-desktop-title\" aria-selected=\"true\" data-tab=\"1\" role=\"tab\" tabindex=\"0\" aria-controls=\"elementor-tab-content-1561\" aria-expanded=\"false\">Sobre<\/div>\n\t\t\t\t\t\t\t\t\t<div id=\"elementor-tab-title-1562\" class=\"elementor-tab-title elementor-tab-desktop-title\" aria-selected=\"false\" data-tab=\"2\" role=\"tab\" tabindex=\"-1\" aria-controls=\"elementor-tab-content-1562\" aria-expanded=\"false\">Grade<\/div>\n\t\t\t\t\t\t\t\t\t<div id=\"elementor-tab-title-1563\" class=\"elementor-tab-title elementor-tab-desktop-title\" aria-selected=\"false\" data-tab=\"3\" role=\"tab\" tabindex=\"-1\" aria-controls=\"elementor-tab-content-1563\" aria-expanded=\"false\">Coordena\u00e7\u00e3o<\/div>\n\t\t\t\t\t\t\t\t\t<div id=\"elementor-tab-title-1564\" class=\"elementor-tab-title elementor-tab-desktop-title\" aria-selected=\"false\" data-tab=\"4\" role=\"tab\" tabindex=\"-1\" aria-controls=\"elementor-tab-content-1564\" aria-expanded=\"false\">Hor\u00e1rio<\/div>\n\t\t\t\t\t\t\t<\/div>\n\t\t\t<div class=\"elementor-tabs-content-wrapper\" role=\"tablist\" aria-orientation=\"vertical\">\n\t\t\t\t\t\t\t\t\t<div class=\"elementor-tab-title elementor-tab-mobile-title\" aria-selected=\"true\" data-tab=\"1\" role=\"tab\" tabindex=\"0\" aria-controls=\"elementor-tab-content-1561\" aria-expanded=\"false\">Sobre<\/div>\n\t\t\t\t\t<div id=\"elementor-tab-content-1561\" class=\"elementor-tab-content elementor-clearfix\" data-tab=\"1\" role=\"tabpanel\" aria-labelledby=\"elementor-tab-title-1561\" tabindex=\"0\" hidden=\"false\"><h2 style=\"letter-spacing: normal; text-align: start;\">O curso<\/h2><p>No curso, o aluno estuda assuntos como planejamento e controle da produ\u00e7\u00e3o industrial, log\u00edstica de entrada de mat\u00e9ria-prima e distribui\u00e7\u00e3o dos produtos acabados, gest\u00e3o ambiental, gest\u00e3o de estoque e cria\u00e7\u00e3o de produtos, al\u00e9m de administra\u00e7\u00e3o, direito empresarial e ingl\u00eas. C\u00e1lculo, matem\u00e1tica financeira e inform\u00e1tica s\u00e3o importantes para o aprendizado da maior parte das disciplinas do curso.<\/p><h2 style=\"letter-spacing: normal; text-align: start;\">Objetivo geral<\/h2><p>A gradua\u00e7\u00e3o tecnol\u00f3gica em Gest\u00e3o da Produ\u00e7\u00e3o Industrial tem como objetivo formar alunos capacitados para alavancar a qualidade e a produtividade em organiza\u00e7\u00f5es industriais.<\/p><p>O curso visa preparar profissionais altamente qualificados para identificar e estudar oportunidades de neg\u00f3cios, coordenar equipes de produ\u00e7\u00e3o, diagnosticar e otimizar fluxos de materiais e organizar a log\u00edstica industrial.<\/p><p>A grade curricular foi elaborada para desenvolver tamb\u00e9m o dom\u00ednio e a aplica\u00e7\u00e3o das normas de seguran\u00e7a no trabalho e gest\u00e3o ambiental.<\/p><h2 style=\"letter-spacing: normal; text-align: start;\">O perfil do profissional<\/h2><div><p>O Tecn\u00f3logo em Gest\u00e3o da Produ\u00e7\u00e3o Industrial trabalha para melhorar a qualidade e a produtividade de uma ind\u00fastria, atuando no planejamento das atividades, no controle da produ\u00e7\u00e3o, na cria\u00e7\u00e3o e no teste de produtos. Pesquisa e identifica oportunidades de neg\u00f3cios e novas tecnologias de produ\u00e7\u00e3o assim como coordena equipes para aperfei\u00e7oar processos e a log\u00edstica. Elabora os planos de manuten\u00e7\u00e3o de m\u00e1quinas. Define a localiza\u00e7\u00e3o dos setores e dos equipamentos de uma empresa de acordo com as normas t\u00e9cnicas e de seguran\u00e7a. Acompanha a qualidade dos processos e dos produtos, al\u00e9m de definir como ser\u00e1 feito o descarte de res\u00edduos industriais, segundo a pol\u00edtica ambiental. Est\u00e1 mais focado na gest\u00e3o, enquanto o tecn\u00f3logo em Produ\u00e7\u00e3o Industrial ocupa-se da parte mais t\u00e9cnica, dos processos produtivos, das m\u00e1quinas e ferramentas. Os cursos s\u00e3o oferecidos em unidades localizadas em importantes polos industriais de S\u00e3o Paulo.<\/p><p>Assim, as \u00e1reas de trabalho preferenciais para:<\/p><ul><li>Em ind\u00fastrias no com\u00e9rcio;<\/li><li>Na dire\u00e7\u00e3o do pr\u00f3prio neg\u00f3cio;<\/li><li>Na presta\u00e7\u00e3o de servi\u00e7os de assessoria e na pesquisa tecnol\u00f3gica.<\/li><\/ul><\/div><h2 style=\"letter-spacing: normal; text-align: start;\">Mercado de trabalho<\/h2><p>Em empresas, como empregado ou prestador de servi\u00e7os, pode atuar na fabrica\u00e7\u00e3o de m\u00e1quinas, aparelhos e materiais el\u00e9tricos e eletr\u00f4nicos e de equipamentos de telecomunica\u00e7\u00e3o. Suas atividades costumam se desenvolver em equipe multidisciplinar com supervis\u00e3o ocasional.<\/p><p><span style=\"color: #3b3d42; font-family: Roboto, sans-serif; font-size: 40px;\">Vagas<\/span><\/p><p>O Curso Superior de Tecnologia em Gest\u00e3o da Produ\u00e7\u00e3o Industrial \u00e9 oferecido nos per\u00edodos:<\/p><ul><li>Manh\u00e3 \u2013 40 vagas<\/li><li>Noite \u2013 40 vagas<\/li><\/ul><h2 style=\"letter-spacing: normal; text-align: start;\">Resumo da carga hor\u00e1ria<\/h2><p>2400 horas (atende CNCST) 240 horas de est\u00e1gio curricular 160 horas de Trabalho de Gradua\u00e7\u00e3o Total: 2800 horas<\/p><h2 style=\"letter-spacing: normal; text-align: start;\">Vestibular<\/h2><p>A inscri\u00e7\u00e3o para o vestibular deve ser realizada atrav\u00e9s do site Vestibular Fatec.<\/p><div><a href=\"http:\/\/www.vestibularfatec.com.br\/\" target=\"_blank\" rel=\"noopener\">\u00a0VESTIBULAR FATEC<\/a><\/div><p>\u00a0<\/p><\/div>\n\t\t\t\t\t\t\t\t\t<div class=\"elementor-tab-title elementor-tab-mobile-title\" aria-selected=\"false\" data-tab=\"2\" role=\"tab\" tabindex=\"-1\" aria-controls=\"elementor-tab-content-1562\" aria-expanded=\"false\">Grade<\/div>\n\t\t\t\t\t<div id=\"elementor-tab-content-1562\" class=\"elementor-tab-content elementor-clearfix\" data-tab=\"2\" role=\"tabpanel\" aria-labelledby=\"elementor-tab-title-1562\" tabindex=\"0\" hidden=\"hidden\"><h2 style=\"letter-spacing: normal; text-align: start;\">Grade Curricular<\/h2><h3>1<span style=\"font-size: 21px; line-height: 0; position: relative; vertical-align: baseline; top: -0.5em;\">o<\/span>&nbsp;ciclo<\/h3><h2><div style=\"color: rgb(0, 0, 0); font-family: Verdana, sans-serif; font-size: 14px;\"><section><div><article tabindex=\"-1\"><ul><li>Projeto Integrador em Gest\u00e3o da Produ\u00e7\u00e3o Industrial I<\/li><li>Tecnologia da Produ\u00e7\u00e3o Industrial<\/li><li>Metod. Pesq. Cient\u00edfico-Tecnol\u00f3gica<\/li><li>Inform\u00e1tica<\/li><li>C\u00e1lculo<\/li><li>Administra\u00e7\u00e3o Geral<\/li><li>Fundamentos da Comunica\u00e7\u00e3o Empresarial<\/li><li>Ingl\u00eas I<\/li><\/ul><\/article><\/div><\/section><\/div><\/h2><h3>2<span style=\"font-size: 21px; line-height: 0; position: relative; vertical-align: baseline; top: -0.5em;\">o<\/span>&nbsp;ciclo<\/h3><h2><div style=\"color: rgb(0, 0, 0); font-family: Verdana, sans-serif; font-size: 14px;\"><section><div><article tabindex=\"-1\"><ul><li>Ergonomia<\/li><li>Materiais e Tratamentos I<\/li><li>Mec\u00e2nica Cl\u00e1ssica<\/li><li>Lideran\u00e7a e Empreendedorismo<\/li><li>Estat\u00edstica<\/li><li>Fundamentos de Matem\u00e1tica Financeira<\/li><li>Introdu\u00e7\u00e3o \u00e0 Contabilidade<\/li><li>Ingl\u00eas II<\/li><\/ul><\/article><\/div><\/section><\/div><\/h2><h3>3<span style=\"font-size: 21px; line-height: 0; position: relative; vertical-align: baseline; top: -0.5em;\">o<\/span>&nbsp;ciclo<\/h3><h2><div style=\"color: rgb(0, 0, 0); font-family: Verdana, sans-serif; font-size: 14px;\"><section><div><article tabindex=\"-1\"><ul><li>Projeto Integrador em Gest\u00e3o da Produ\u00e7\u00e3o Industrial II<\/li><li>Gest\u00e3o da Produ\u00e7\u00e3o Aplicada<\/li><li>Projeto do Produto I<\/li><li>Custos Industriais<\/li><li>Planejamento e Gest\u00e3o Estrat\u00e9gica<\/li><li>Gest\u00e3o de Estoques<\/li><li>Economia<\/li><li>Ingl\u00eas III<\/li><\/ul><\/article><\/div><\/section><\/div><\/h2><h3>4<span style=\"font-size: 21px; line-height: 0; position: relative; vertical-align: baseline; top: -0.5em;\">o<\/span>&nbsp;ciclo<\/h3><h2><div style=\"color: rgb(0, 0, 0); font-family: Verdana, sans-serif; font-size: 14px;\"><section><div><article tabindex=\"-1\"><ul><li>Projeto Integrador em Gest\u00e3o da Produ\u00e7\u00e3o Industrial III<\/li><li>Processos de Produ\u00e7\u00e3o<\/li><li>Projeto do Produto II<\/li><li>Planejamento, Programa\u00e7\u00e3o e Controle da Produ\u00e7\u00e3o<\/li><li>Fundamentos de Automa\u00e7\u00e3o Industrial<\/li><li>Gest\u00e3o da Qualidade<\/li><li>Higiene e Seguran\u00e7a do Trabalho<\/li><li>Ingl\u00eas IV<\/li><\/ul><\/article><\/div><\/section><\/div><\/h2><h3>5<span style=\"font-size: 21px; line-height: 0; position: relative; vertical-align: baseline; top: -0.5em;\">o<\/span>&nbsp;ciclo<\/h3><h2><div style=\"color: rgb(0, 0, 0); font-family: Verdana, sans-serif; font-size: 14px;\"><section><div><article tabindex=\"-1\"><ul><li>Projeto de F\u00e1brica<\/li><li>Gest\u00e3o da Cadeia de Suprimentos<\/li><li>Gest\u00e3o Ambiental Aplicada<\/li><li>Fundamentos da Gest\u00e3o de Projetos<\/li><li>Gest\u00e3o Financeira<\/li><li>\u00c9tica e Direito Empresarial<\/li><li>Projeto de Trabalho de Gradua\u00e7\u00e3o I<\/li><li>Ingl\u00eas V<\/li><\/ul><\/article><\/div><\/section><\/div><\/h2><h3>6<span style=\"font-size: 21px; line-height: 0; position: relative; vertical-align: baseline; top: -0.5em;\">o<\/span>&nbsp;ciclo<\/h3><h2><div style=\"color: rgb(0, 0, 0); font-family: Verdana, sans-serif; font-size: 14px;\"><section><div><article tabindex=\"-1\"><ul><li>Tecnologia da Informa\u00e7\u00e3o Aplicada \u00e0 Gest\u00e3o de Opera\u00e7\u00f5es e Processos<\/li><li>Simula\u00e7\u00e3o Aplicada \u00e0 Produ\u00e7\u00e3o<\/li><li>Gest\u00e3o de Marketing e Vendas<\/li><li>Gest\u00e3o de Pessoas<\/li><li>Com\u00e9rcio Exterior<\/li><li>Projeto de Trabalho de Gradua\u00e7\u00e3o II<\/li><li>Ingl\u00eas VI<\/li><\/ul><p><\/p><div><a href=\"http:\/\/fateccotia.edu.br\/wp-content\/uploads\/2021\/02\/MatrizCurricularGPI.pdf\" target=\"_blank\" rel=\"noopener noreferrer\">GRADE CURRICULAR DETALHADA&nbsp;<\/a><\/div><\/article><\/div><\/section><\/div><\/h2><div><section>\n<\/section>\n<\/div><\/div>\n\t\t\t\t\t\t\t\t\t<div class=\"elementor-tab-title elementor-tab-mobile-title\" aria-selected=\"false\" data-tab=\"3\" role=\"tab\" tabindex=\"-1\" aria-controls=\"elementor-tab-content-1563\" aria-expanded=\"false\">Coordena\u00e7\u00e3o<\/div>\n\t\t\t\t\t<div id=\"elementor-tab-content-1563\" class=\"elementor-tab-content elementor-clearfix\" data-tab=\"3\" role=\"tabpanel\" aria-labelledby=\"elementor-tab-title-1563\" tabindex=\"0\" hidden=\"hidden\"><div class=\"page-template-page-php\"><section id=\"main\"><div class=\"container\"><article id=\"content\" tabindex=\"-1\"><h2><span style=\"font-size: 20px; letter-spacing: 0px; text-align: inherit;\">Prof. Me. Hamilton Fernandes de Moraes J\u00fanior<\/span><\/h2><div><h4><a class=\"btn btn-primary btn-sm\" href=\"mailto:johne.jarske@fatec.sp.gov.br\" target=\"_blank\" rel=\"noopener noreferrer\">\u00a0E-MAIL<\/a>\u00a0\u00a0<a class=\"btn btn-primary btn-sm\" href=\"http:\/\/lattes.cnpq.br\/6733739825285561\" target=\"_blank\" rel=\"noopener noreferrer\">CURR\u00cdCULO<\/a><\/h4><\/div><\/article><\/div><\/section><div><div class=\"page-template-page-php\"><section id=\"main\"><div class=\"container\"><article id=\"content\" tabindex=\"-1\"><div>\u00a0<\/div><\/article><\/div><\/section><\/div><\/div><\/div><\/div>\n\t\t\t\t\t\t\t\t\t<div class=\"elementor-tab-title elementor-tab-mobile-title\" aria-selected=\"false\" data-tab=\"4\" role=\"tab\" tabindex=\"-1\" aria-controls=\"elementor-tab-content-1564\" aria-expanded=\"false\">Hor\u00e1rio<\/div>\n\t\t\t\t\t<div id=\"elementor-tab-content-1564\" class=\"elementor-tab-content elementor-clearfix\" data-tab=\"4\" role=\"tabpanel\" aria-labelledby=\"elementor-tab-title-1564\" tabindex=\"0\" hidden=\"hidden\"><h2><span style=\"letter-spacing: 0px; text-align: inherit;\">Hor\u00e1rio das aulas<\/span><\/h2><p>Noite: 2\u00aa a 6\u00aa das 19h \u00e0s 22h40 e s\u00e1bado das 8h20 \u00e0s 12h.<\/p><p>Manh\u00e3: 2\u00aa a s\u00e1bado das 8h20 \u00e0s 12h.<\/p><\/div>\n\t\t\t\t\t\t\t<\/div>\n\t\t<\/div>\n\t\t\t\t<\/div>\n\t\t\t\t<\/div>\n\t\t\t\t\t<\/div>\n\t\t\t\t<\/div>\n\t\t\t\t\t\t\t<\/div>\n\t\t","protected":false},"excerpt":{"rendered":"<p>Sobre Grade Coordena\u00e7\u00e3o Hor\u00e1rio Sobre O curso No curso, o aluno estuda assuntos como planejamento e controle da produ\u00e7\u00e3o industrial, log\u00edstica de entrada de mat\u00e9ria-prima e distribui\u00e7\u00e3o dos produtos acabados, gest\u00e3o ambiental, gest\u00e3o de estoque e cria\u00e7\u00e3o de produtos, al\u00e9m de administra\u00e7\u00e3o, direito empresarial e ingl\u00eas. C\u00e1lculo, matem\u00e1tica financeira e inform\u00e1tica s\u00e3o importantes para o [&hellip;]<\/p>\n","protected":false},"author":1,"featured_media":0,"parent":38,"menu_order":0,"comment_status":"closed","ping_status":"closed","template":"","meta":{"footnotes":""},"_links":{"self":[{"href":"http:\/\/fateccotia.educacao.ws\/index.php?rest_route=\/wp\/v2\/pages\/304"}],"collection":[{"href":"http:\/\/fateccotia.educacao.ws\/index.php?rest_route=\/wp\/v2\/pages"}],"about":[{"href":"http:\/\/fateccotia.educacao.ws\/index.php?rest_route=\/wp\/v2\/types\/page"}],"author":[{"embeddable":true,"href":"http:\/\/fateccotia.educacao.ws\/index.php?rest_route=\/wp\/v2\/users\/1"}],"replies":[{"embeddable":true,"href":"http:\/\/fateccotia.educacao.ws\/index.php?rest_route=%2Fwp%2Fv2%2Fcomments&post=304"}],"version-history":[{"count":23,"href":"http:\/\/fateccotia.educacao.ws\/index.php?rest_route=\/wp\/v2\/pages\/304\/revisions"}],"predecessor-version":[{"id":1267,"href":"http:\/\/fateccotia.educacao.ws\/index.php?rest_route=\/wp\/v2\/pages\/304\/revisions\/1267"}],"up":[{"embeddable":true,"href":"http:\/\/fateccotia.educacao.ws\/index.php?rest_route=\/wp\/v2\/pages\/38"}],"wp:attachment":[{"href":"http:\/\/fateccotia.educacao.ws\/index.php?rest_route=%2Fwp%2Fv2%2Fmedia&parent=304"}],"curies":[{"name":"wp","href":"https:\/\/api.w.org\/{rel}","templated":true}]}}