{"id":306,"date":"2023-12-25T17:33:20","date_gmt":"2023-12-25T20:33:20","guid":{"rendered":"http:\/\/fateccotia.educacao.ws\/?page_id=306"},"modified":"2024-07-07T00:11:18","modified_gmt":"2024-07-07T03:11:18","slug":"ciencia-de-dados","status":"publish","type":"page","link":"http:\/\/fateccotia.educacao.ws\/?page_id=306","title":{"rendered":"Ci\u00eancia de Dados"},"content":{"rendered":"\t\t<div data-elementor-type=\"wp-page\" data-elementor-id=\"306\" class=\"elementor elementor-306\">\n\t\t\t\t\t\t\t<div class=\"elementor-element elementor-element-a559d84 e-con-full e-flex e-con e-parent\" data-id=\"a559d84\" data-element_type=\"container\" data-settings=\"{&quot;content_width&quot;:&quot;full&quot;}\" data-core-v316-plus=\"true\">\n\t\t\t\t<div class=\"elementor-element elementor-element-1b56e06 elementor-tabs-view-horizontal elementor-widget elementor-widget-tabs\" data-id=\"1b56e06\" data-element_type=\"widget\" data-widget_type=\"tabs.default\">\n\t\t\t\t<div class=\"elementor-widget-container\">\n\t\t\t<style>\/*! elementor - v3.18.0 - 20-12-2023 *\/\n.elementor-widget-tabs.elementor-tabs-view-vertical .elementor-tabs-wrapper{width:25%;flex-shrink:0}.elementor-widget-tabs.elementor-tabs-view-vertical .elementor-tab-desktop-title.elementor-active{border-right-style:none}.elementor-widget-tabs.elementor-tabs-view-vertical .elementor-tab-desktop-title.elementor-active:after,.elementor-widget-tabs.elementor-tabs-view-vertical .elementor-tab-desktop-title.elementor-active:before{height:999em;width:0;right:0;border-right-style:solid}.elementor-widget-tabs.elementor-tabs-view-vertical .elementor-tab-desktop-title.elementor-active:before{top:0;transform:translateY(-100%)}.elementor-widget-tabs.elementor-tabs-view-vertical .elementor-tab-desktop-title.elementor-active:after{top:100%}.elementor-widget-tabs.elementor-tabs-view-horizontal .elementor-tab-desktop-title{display:table-cell}.elementor-widget-tabs.elementor-tabs-view-horizontal .elementor-tab-desktop-title.elementor-active{border-bottom-style:none}.elementor-widget-tabs.elementor-tabs-view-horizontal .elementor-tab-desktop-title.elementor-active:after,.elementor-widget-tabs.elementor-tabs-view-horizontal .elementor-tab-desktop-title.elementor-active:before{bottom:0;height:0;width:999em;border-bottom-style:solid}.elementor-widget-tabs.elementor-tabs-view-horizontal .elementor-tab-desktop-title.elementor-active:before{right:100%}.elementor-widget-tabs.elementor-tabs-view-horizontal .elementor-tab-desktop-title.elementor-active:after{left:100%}.elementor-widget-tabs .elementor-tab-content,.elementor-widget-tabs .elementor-tab-title,.elementor-widget-tabs .elementor-tab-title:after,.elementor-widget-tabs .elementor-tab-title:before,.elementor-widget-tabs .elementor-tabs-content-wrapper{border:1px #d5d8dc}.elementor-widget-tabs .elementor-tabs{text-align:left}.elementor-widget-tabs .elementor-tabs-wrapper{overflow:hidden}.elementor-widget-tabs .elementor-tab-title{cursor:pointer;outline:var(--focus-outline,none)}.elementor-widget-tabs .elementor-tab-desktop-title{position:relative;padding:20px 25px;font-weight:700;line-height:1;border:solid transparent}.elementor-widget-tabs .elementor-tab-desktop-title.elementor-active{border-color:#d5d8dc}.elementor-widget-tabs .elementor-tab-desktop-title.elementor-active:after,.elementor-widget-tabs .elementor-tab-desktop-title.elementor-active:before{display:block;content:\"\";position:absolute}.elementor-widget-tabs .elementor-tab-desktop-title:focus-visible{border:1px solid #000}.elementor-widget-tabs .elementor-tab-mobile-title{padding:10px;cursor:pointer}.elementor-widget-tabs .elementor-tab-content{padding:20px;display:none}@media (max-width:767px){.elementor-tabs .elementor-tab-content,.elementor-tabs .elementor-tab-title{border-style:solid solid none}.elementor-tabs .elementor-tabs-wrapper{display:none}.elementor-tabs .elementor-tabs-content-wrapper{border-bottom-style:solid}.elementor-tabs .elementor-tab-content{padding:10px}}@media (min-width:768px){.elementor-widget-tabs.elementor-tabs-view-vertical .elementor-tabs{display:flex}.elementor-widget-tabs.elementor-tabs-view-vertical .elementor-tabs-wrapper{flex-direction:column}.elementor-widget-tabs.elementor-tabs-view-vertical .elementor-tabs-content-wrapper{flex-grow:1;border-style:solid solid solid none}.elementor-widget-tabs.elementor-tabs-view-horizontal .elementor-tab-content{border-style:none solid solid}.elementor-widget-tabs.elementor-tabs-alignment-center .elementor-tabs-wrapper,.elementor-widget-tabs.elementor-tabs-alignment-end .elementor-tabs-wrapper,.elementor-widget-tabs.elementor-tabs-alignment-stretch .elementor-tabs-wrapper{display:flex}.elementor-widget-tabs.elementor-tabs-alignment-center .elementor-tabs-wrapper{justify-content:center}.elementor-widget-tabs.elementor-tabs-alignment-end .elementor-tabs-wrapper{justify-content:flex-end}.elementor-widget-tabs.elementor-tabs-alignment-stretch.elementor-tabs-view-horizontal .elementor-tab-title{width:100%}.elementor-widget-tabs.elementor-tabs-alignment-stretch.elementor-tabs-view-vertical .elementor-tab-title{height:100%}.elementor-tabs .elementor-tab-mobile-title{display:none}}<\/style>\t\t<div class=\"elementor-tabs\">\n\t\t\t<div class=\"elementor-tabs-wrapper\" role=\"tablist\" >\n\t\t\t\t\t\t\t\t\t<div id=\"elementor-tab-title-2861\" class=\"elementor-tab-title elementor-tab-desktop-title\" aria-selected=\"true\" data-tab=\"1\" role=\"tab\" tabindex=\"0\" aria-controls=\"elementor-tab-content-2861\" aria-expanded=\"false\">Sobre<\/div>\n\t\t\t\t\t\t\t\t\t<div id=\"elementor-tab-title-2862\" class=\"elementor-tab-title elementor-tab-desktop-title\" aria-selected=\"false\" data-tab=\"2\" role=\"tab\" tabindex=\"-1\" aria-controls=\"elementor-tab-content-2862\" aria-expanded=\"false\">Grade<\/div>\n\t\t\t\t\t\t\t\t\t<div id=\"elementor-tab-title-2863\" class=\"elementor-tab-title elementor-tab-desktop-title\" aria-selected=\"false\" data-tab=\"3\" role=\"tab\" tabindex=\"-1\" aria-controls=\"elementor-tab-content-2863\" aria-expanded=\"false\">Coordena\u00e7\u00e3o<\/div>\n\t\t\t\t\t\t\t\t\t<div id=\"elementor-tab-title-2864\" class=\"elementor-tab-title elementor-tab-desktop-title\" aria-selected=\"false\" data-tab=\"4\" role=\"tab\" tabindex=\"-1\" aria-controls=\"elementor-tab-content-2864\" aria-expanded=\"false\">Hor\u00e1rio<\/div>\n\t\t\t\t\t\t\t<\/div>\n\t\t\t<div class=\"elementor-tabs-content-wrapper\" role=\"tablist\" aria-orientation=\"vertical\">\n\t\t\t\t\t\t\t\t\t<div class=\"elementor-tab-title elementor-tab-mobile-title\" aria-selected=\"true\" data-tab=\"1\" role=\"tab\" tabindex=\"0\" aria-controls=\"elementor-tab-content-2861\" aria-expanded=\"false\">Sobre<\/div>\n\t\t\t\t\t<div id=\"elementor-tab-content-2861\" class=\"elementor-tab-content elementor-clearfix\" data-tab=\"1\" role=\"tabpanel\" aria-labelledby=\"elementor-tab-title-2861\" tabindex=\"0\" hidden=\"false\"><h2 style=\"letter-spacing: normal; text-align: start;\">Curso<\/h2>\n<div>\n\nO Curso Superior de Tecnologia em Ci\u00eancia de Dados tem como finalidade oferecer aos seus estudantes forma\u00e7\u00e3o de n\u00edvel superior de qualidade para proporcionar conhecimentos tecnol\u00f3gicos e forma\u00e7\u00e3o integral nessa \u00e1rea emergente do saber, aprendizagem de m\u00e1quina, machine learning e estat\u00edstica aplicadas \u00e0s an\u00e1lises preditivas, descritivas e prescritivas de dados. O curso visa tamb\u00e9m desenvolver habilidades de resolver problemas complexos, por meio da coleta de dados e de an\u00e1lises estat\u00edsticas, al\u00e9m de criar e aplicar algoritmos de aprendizagem de m\u00e1quina para facilitar a tomada de decis\u00f5es e solucionar problemas de neg\u00f3cios de forma a aumentar a competitividade das organiza\u00e7\u00f5es, tornando-os capazes de intervir no desenvolvimento econ\u00f4mico e social, observadas as pr\u00e1ticas da \u00e9tica e cidadania.\n<h2 style=\"letter-spacing: normal; text-align: start;\">O perfil do aluno<\/h2>\nO Tecn\u00f3logo em Ci\u00eancia de Dados modela solu\u00e7\u00f5es de problemas, aplicando algoritmos de aprendizagem de m\u00e1quina e t\u00e9cnicas estat\u00edsticas para an\u00e1lise de dados para apoiar a tomada de decis\u00e3o nas organiza\u00e7\u00f5es. Utiliza uma abordagem cient\u00edfica para resolu\u00e7\u00e3o dos problemas de gest\u00e3o. Cria aplica\u00e7\u00f5es para coletar, preparar, misturar, visualizar, explorar e analisar grande quantidade de dados, com o objetivo de buscar padr\u00f5es e identificar tend\u00eancias para que as organiza\u00e7\u00f5es tomem decis\u00f5es de neg\u00f3cio baseadas em fatos e n\u00fameros. Apoia os gestores na solu\u00e7\u00e3o de problemas com uso de diversas tecnologias de modelagem orientada a dados.\nAssim, as \u00e1reas de trabalho preferenciais para:\n<p><\/p>\n<ul style=\"font-family: Verdana, sans-serif; font-size: 14px;\">\n \t<li>Em ind\u00fastrias no com\u00e9rcio;<\/li>\n<\/ul>\n<ul style=\"font-family: Verdana, sans-serif; font-size: 14px;\">\n \t<li>Na dire\u00e7\u00e3o do pr\u00f3prio neg\u00f3cio;<\/li>\n<\/ul>\n<ul style=\"font-family: Verdana, sans-serif; font-size: 14px;\">\n \t<li>Na presta\u00e7\u00e3o de servi\u00e7os de assessoria e na pesquisa tecnol\u00f3gica.<\/li>\n<\/ul>\n<h2 style=\"letter-spacing: normal; text-align: start;\">Compet\u00eancias<\/h2>\nO Tecn\u00f3logo em Ci\u00eancia de Dados deve demonstrar as seguintes compet\u00eancias:\n<p><\/p>\n<ul>\n \t<li>Participar ativamente da estrat\u00e9gia de modelagem (design e execu\u00e7\u00e3o de experimentos): que t\u00e9cnica utilizar, que vari\u00e1veis internas e externas dever\u00e3o ser buscadas; como extrair estes dados; quais testes estat\u00edsticos de valida\u00e7\u00e3o aplicar;<\/li>\n \t<li>Construir modelos de dados, m\u00e9tricas, relat\u00f3rios e dashboards para diferentes \u00e1reas de neg\u00f3cio;<\/li>\n \t<li>Delinear o tipo de solu\u00e7\u00e3o por meio da da aplica\u00e7\u00e3o de conhecimentos de estat\u00edstica, matem\u00e1tica e ci\u00eancia da computa\u00e7\u00e3o;<\/li>\n \t<li>Elaborar planos de a\u00e7\u00e3o para o desenvolvimento de algoritmos de ci\u00eancia de dados, identificando comportamentos e s\u00e9rie de dados; testar e decidir diferentes algoritmos de acordo com o comportamento das s\u00e9ries; elaborar padr\u00f5es ou procedimentos de testes back-end; buscar as informa\u00e7\u00f5es necess\u00e1rias para realiza\u00e7\u00e3o das an\u00e1lises de desempenho, controle e monitoramento dos algoritmos;<\/li>\n \t<li>Analisar dados utilizando minera\u00e7\u00e3o de dados e an\u00e1lises avan\u00e7adas com uso de softwares: programas pr\u00f3prios, pacotes estat\u00edsticos ou planilhas;<\/li>\n \t<li>Fornecer solu\u00e7\u00f5es de aprendizado de m\u00e1quina, incluindo defini\u00e7\u00e3o do problema, minera\u00e7\u00e3o de dados, explora\u00e7\u00e3o e visualiza\u00e7\u00e3o de dados, experimento de algoritmos, avalia\u00e7\u00e3o e compara\u00e7\u00e3o de resultados e implanta\u00e7\u00e3o de hip\u00f3teses, melhorando de forma iterativa o modelo e o processo;<\/li>\n \t<li>Preparar an\u00e1lises de dados complexas e de modelos que ajudem a resolver problemas das organiza\u00e7\u00f5es, obtendo resultados que tragam impacto mensur\u00e1veis;<\/li>\n \t<li>Apresentar os resultados de forma clara e transparente utilizando ferramentas de visualiza\u00e7\u00e3o ou em forma de apresenta\u00e7\u00e3o para o seu cliente ou p\u00fablico alvo e, em outros casos, como um documento de especifica\u00e7\u00e3o para ser desenvolvido por programadores;<\/li>\n \t<li>Trabalhar com dados de diversas fontes, estruturados (bases relacionais ou n\u00e3o-relacionais) ou n\u00e3o estruturados (textos, imagens, v\u00eddeos, entre outros);<\/li>\n \t<li>Extrair, transformar, limpar, consolidar e analisar os dados e informa\u00e7\u00f5es advindos de diferentes fontes de dados;<\/li>\n \t<li>Aplica\u00e7\u00e3o de t\u00e9cnicas de reconhecimento de padr\u00f5es, extra\u00e7\u00e3o de conhecimento com o uso de algoritmos de aprendizagem de m\u00e1quina para solu\u00e7\u00e3o de problemas reais;<\/li>\n \t<li>Construir dispositivos de integra\u00e7\u00e3o de dados. Orientar em rela\u00e7\u00e3o a melhor forma de realizar a integra\u00e7\u00e3o de dados. Utilizar dados da plataforma big data para an\u00e1lises e desenvolvimentos de modelos estat\u00edsticos. Definir m\u00e9todos, padr\u00f5es, procedimentos, processos e solu\u00e7\u00f5es de qualidade de dados;<\/li>\n \t<li>Criar prot\u00f3tipos de algoritmos de an\u00e1lise e modelagem estat\u00edstica, bem como aplicar esses algoritmos para solu\u00e7\u00f5es de problemas com embasamento em dados;<\/li>\n \t<li>Aplicar ferramentas estat\u00edsticas;<\/li>\n \t<li>Conhecer e aplicar linguagens de programa\u00e7\u00e3o adequadas \u00e0 ci\u00eancia de dados.<\/li>\n<\/ul>\n<h2 style=\"letter-spacing: normal; text-align: start;\"><span style=\"letter-spacing: 0px; text-align: inherit;\">\u00c1reas de Atua\u00e7\u00e3o<\/span><\/h2>\nO Tecn\u00f3logo em Ci\u00eancia de Dados pode atuar em empresas de diferentes \u00e1reas como: empresas de planejamento, desenvolvimento de projetos, assist\u00eancia t\u00e9cnica, consultorias e tecnologia da informa\u00e7\u00e3o. Pode atuar em empresas privadas ou p\u00fablicas de diferentes tamanhos. Pode atuar tamb\u00e9m em institutos e centros de pesquisa, bem como em institui\u00e7\u00f5es de ensino, mediante forma\u00e7\u00e3o requerida pela legisla\u00e7\u00e3o vigente.\n<h2><span style=\"letter-spacing: 0px; text-align: inherit;\">Vagas<\/span><\/h2>\nO curso de Ci\u00eancia de Dados \u00e9 oferecido no per\u00edodo:\n<p><\/p>\n<ul>\n \t<li>Noite \u2013 40 vagas<\/li>\n<\/ul>\n<h2><span style=\"letter-spacing: 0px; text-align: inherit;\">Hor\u00e1rio das aulas<\/span><\/h2>\n2\u00aa a 6\u00aa das 19h \u00e0s 22h40 horas e s\u00e1bados das 13h20 \u00e0s 17h.\n<div><\/div>\n<\/div><\/div>\n\t\t\t\t\t\t\t\t\t<div class=\"elementor-tab-title elementor-tab-mobile-title\" aria-selected=\"false\" data-tab=\"2\" role=\"tab\" tabindex=\"-1\" aria-controls=\"elementor-tab-content-2862\" aria-expanded=\"false\">Grade<\/div>\n\t\t\t\t\t<div id=\"elementor-tab-content-2862\" class=\"elementor-tab-content elementor-clearfix\" data-tab=\"2\" role=\"tabpanel\" aria-labelledby=\"elementor-tab-title-2862\" tabindex=\"0\" hidden=\"hidden\"><h2>Grade Curricular<\/h2><div class=\"page-template-page-php\"><section id=\"main\"><div class=\"container\"><article id=\"content\" tabindex=\"-1\"><h3 class=\"page-header\">1\u00ba ciclo<\/h3><ul><li>Princ\u00edpios de Ci\u00eancia de Dados<\/li><li>Algoritmos e Introdu\u00e7\u00e3o \u00e0 Computa\u00e7\u00e3o<\/li><li>Economia da Informa\u00e7\u00e3o, inova\u00e7\u00e3o e Neg\u00f3cios Disruptivos<\/li><li>Gest\u00e3o \u00c1gil de Projetos<\/li><li>Matem\u00e1tica B\u00e1sica<\/li><li>Metodologia da Pesquisa Cient\u00edfico-Tecnol\u00f3gica<\/li><li>Produ\u00e7\u00e3o de Textos Acad\u00eamicos-Cient\u00edficos I<\/li><li>Ingl\u00eas I<\/li><\/ul><h3 class=\"page-header\">2\u00ba ciclo<\/h3><ul><li>Projeto Integrador I<\/li><li>Estrutura de Dados<\/li><li>Ci\u00eancia de Dados e marketing Digital<\/li><li>Estat\u00edstica Descritiva<\/li><li>\u00c1lgebra Linear<\/li><li>Produ\u00e7\u00e3o de Textos Acad\u00eamicos-Cient\u00edficos II<\/li><li>Ingl\u00eas II<\/li><\/ul><h3 class=\"page-header\">3\u00ba ciclo<\/h3><ul><li>Projeto Integrador II<\/li><li>An\u00e1lise de Algoritmos<\/li><li>Empreendedorismo e Transforma\u00e7\u00e3o Digital<\/li><li>Estat\u00edstica Indutiva<\/li><li>C\u00e1lculo<\/li><li>Linguagens e seus C\u00f3digos I<\/li><li>Ingl\u00eas III<\/li><\/ul><h3 class=\"page-header\">4\u00ba ciclo<\/h3><ul><li>Projeto Integrador III<\/li><li>Intelig\u00eancia Computacional<\/li><li>Teoria do Aprendizado Estat\u00edstico<\/li><li>Bancos e Armaz\u00e9ns de Dados<\/li><li>L\u00f3gica Matem\u00e1tica<\/li><li>Linguagens e seus C\u00f3digos II<\/li><li>Ingl\u00eas IV<\/li><\/ul><h3 class=\"page-header\">5\u00ba ciclo<\/h3><ul><li>Projeto Integrador IV<\/li><li>Processamento de Linguagem Natural<\/li><li>Aprendizado de M\u00e1quina I<\/li><li>Banco de Dados N\u00e3o Relacionais<\/li><li>Introdu\u00e7\u00e3o a Ci\u00eancia Cognitiva<\/li><li>Otimiza\u00e7\u00e3o Combinat\u00f3ria<\/li><li>Ingl\u00eas V<\/li><\/ul><h3 class=\"page-header\">6\u00ba ciclo<\/h3><ul><li>Projeto Integrador V<\/li><li>An\u00e1lise Preditiva<\/li><li>Paradigmas e Tecnologias Emergentes em Ci\u00eancia de Dados<\/li><li>Aprendizado de M\u00e1quina II<\/li><li>Infraestrutura para Big Data<\/li><li>Aspectos Legais e \u00c9ticos em Ci\u00eancia de Dados<\/li><li>Ingl\u00eas VI<\/li><\/ul><div><a class=\"btn btn-primary\" href=\"http:\/\/fateccotia.edu.br\/wp-content\/uploads\/2020\/12\/Projeto-Pedag%C3%B3gico-do-Curso-Superior-de-Tecnologia-em-Ci%C3%AAncia-de-Dados-FATEC-Cotia.pdf\" target=\"_blank\" rel=\"noopener noreferrer\">GRADE CURRICULAR DETALHADA\u00a0<i class=\"fa fa-download\"><\/i><\/a><\/div><\/article><\/div><\/section><\/div><div class=\"page-template-page-php\"><section id=\"main\"><div class=\"container\">\u00a0<\/div><\/section><div><div class=\"page-template-page-php\"><section id=\"main\"><div class=\"container\"><article id=\"content\" tabindex=\"-1\"><h2>\u00a0<\/h2><\/article><\/div><\/section><\/div><\/div><\/div><div><section><div>\u00a0<\/div><\/section><\/div><\/div>\n\t\t\t\t\t\t\t\t\t<div class=\"elementor-tab-title elementor-tab-mobile-title\" aria-selected=\"false\" data-tab=\"3\" role=\"tab\" tabindex=\"-1\" aria-controls=\"elementor-tab-content-2863\" aria-expanded=\"false\">Coordena\u00e7\u00e3o<\/div>\n\t\t\t\t\t<div id=\"elementor-tab-content-2863\" class=\"elementor-tab-content elementor-clearfix\" data-tab=\"3\" role=\"tabpanel\" aria-labelledby=\"elementor-tab-title-2863\" tabindex=\"0\" hidden=\"hidden\"><div class=\"page-template-page-php\"><section id=\"main\"><div class=\"container\"><article id=\"content\" tabindex=\"-1\"><h2><span style=\"font-size: 20px; letter-spacing: 0px; text-align: inherit;\"><img fetchpriority=\"high\" decoding=\"async\" class=\"alignnone size-medium wp-image-1018\" src=\"http:\/\/fateccotia.educacao.ws\/wp-content\/uploads\/2024\/04\/FotoJonhe1-225x300.jpg\" alt=\"\" width=\"225\" height=\"300\" srcset=\"http:\/\/fateccotia.educacao.ws\/wp-content\/uploads\/2024\/04\/FotoJonhe1-225x300.jpg 225w, http:\/\/fateccotia.educacao.ws\/wp-content\/uploads\/2024\/04\/FotoJonhe1.jpg 590w\" sizes=\"(max-width: 225px) 100vw, 225px\" \/><\/span><\/h2><h2><span style=\"font-size: 20px; letter-spacing: 0px; text-align: inherit;\">Prof. Me. Johne Marcus Jarske<\/span><\/h2><div><h4><a class=\"btn btn-primary btn-sm\" href=\"mailto:johne.jarske@fatec.sp.gov.br\" target=\"_blank\" rel=\"noopener noreferrer\">\u00a0E-MAIL<\/a>\u00a0\u00a0<a class=\"btn btn-primary btn-sm\" href=\"http:\/\/lattes.cnpq.br\/6733739825285561\" target=\"_blank\" rel=\"noopener noreferrer\">CURR\u00cdCULO<\/a><\/h4><\/div><\/article><\/div><\/section><div><div class=\"page-template-page-php\"><section id=\"main\"><div class=\"container\"><article id=\"content\" tabindex=\"-1\"><div>\u00a0<\/div><\/article><\/div><\/section><\/div><\/div><\/div><\/div>\n\t\t\t\t\t\t\t\t\t<div class=\"elementor-tab-title elementor-tab-mobile-title\" aria-selected=\"false\" data-tab=\"4\" role=\"tab\" tabindex=\"-1\" aria-controls=\"elementor-tab-content-2864\" aria-expanded=\"false\">Hor\u00e1rio<\/div>\n\t\t\t\t\t<div id=\"elementor-tab-content-2864\" class=\"elementor-tab-content elementor-clearfix\" data-tab=\"4\" role=\"tabpanel\" aria-labelledby=\"elementor-tab-title-2864\" tabindex=\"0\" hidden=\"hidden\"><h2><span style=\"letter-spacing: 0px; text-align: inherit;\">Hor\u00e1rio das aulas<\/span><\/h2><p>2\u00aa a 6\u00aa das 19h \u00e0s 22h40 horas e s\u00e1bado das 13h20 \u00e0s 17h.<\/p><\/div>\n\t\t\t\t\t\t\t<\/div>\n\t\t<\/div>\n\t\t\t\t<\/div>\n\t\t\t\t<\/div>\n\t\t\t\t<\/div>\n\t\t\t\t\t\t\t<\/div>\n\t\t","protected":false},"excerpt":{"rendered":"<p>Sobre Grade Coordena\u00e7\u00e3o Hor\u00e1rio Sobre Curso O Curso Superior de Tecnologia em Ci\u00eancia de Dados tem como finalidade oferecer aos seus estudantes forma\u00e7\u00e3o de n\u00edvel superior de qualidade para proporcionar conhecimentos tecnol\u00f3gicos e forma\u00e7\u00e3o integral nessa \u00e1rea emergente do saber, aprendizagem de m\u00e1quina, machine learning e estat\u00edstica aplicadas \u00e0s an\u00e1lises preditivas, descritivas e prescritivas de [&hellip;]<\/p>\n","protected":false},"author":1,"featured_media":0,"parent":38,"menu_order":0,"comment_status":"closed","ping_status":"closed","template":"","meta":{"footnotes":""},"_links":{"self":[{"href":"http:\/\/fateccotia.educacao.ws\/index.php?rest_route=\/wp\/v2\/pages\/306"}],"collection":[{"href":"http:\/\/fateccotia.educacao.ws\/index.php?rest_route=\/wp\/v2\/pages"}],"about":[{"href":"http:\/\/fateccotia.educacao.ws\/index.php?rest_route=\/wp\/v2\/types\/page"}],"author":[{"embeddable":true,"href":"http:\/\/fateccotia.educacao.ws\/index.php?rest_route=\/wp\/v2\/users\/1"}],"replies":[{"embeddable":true,"href":"http:\/\/fateccotia.educacao.ws\/index.php?rest_route=%2Fwp%2Fv2%2Fcomments&post=306"}],"version-history":[{"count":50,"href":"http:\/\/fateccotia.educacao.ws\/index.php?rest_route=\/wp\/v2\/pages\/306\/revisions"}],"predecessor-version":[{"id":1390,"href":"http:\/\/fateccotia.educacao.ws\/index.php?rest_route=\/wp\/v2\/pages\/306\/revisions\/1390"}],"up":[{"embeddable":true,"href":"http:\/\/fateccotia.educacao.ws\/index.php?rest_route=\/wp\/v2\/pages\/38"}],"wp:attachment":[{"href":"http:\/\/fateccotia.educacao.ws\/index.php?rest_route=%2Fwp%2Fv2%2Fmedia&parent=306"}],"curies":[{"name":"wp","href":"https:\/\/api.w.org\/{rel}","templated":true}]}}