{"id":310,"date":"2023-12-25T17:33:58","date_gmt":"2023-12-25T20:33:58","guid":{"rendered":"http:\/\/fateccotia.educacao.ws\/?page_id=310"},"modified":"2024-07-07T22:31:27","modified_gmt":"2024-07-08T01:31:27","slug":"design-de-produto","status":"publish","type":"page","link":"http:\/\/fateccotia.educacao.ws\/?page_id=310","title":{"rendered":"Design de Produto"},"content":{"rendered":"\t\t<div data-elementor-type=\"wp-page\" data-elementor-id=\"310\" class=\"elementor elementor-310\">\n\t\t\t\t\t\t\t<div class=\"elementor-element elementor-element-34ea5e9 e-flex e-con-boxed e-con e-parent\" data-id=\"34ea5e9\" data-element_type=\"container\" data-settings=\"{&quot;content_width&quot;:&quot;boxed&quot;}\" data-core-v316-plus=\"true\">\n\t\t\t\t\t<div class=\"e-con-inner\">\n\t\t\t\t<div class=\"elementor-element elementor-element-6c06573 elementor-tabs-view-horizontal elementor-widget elementor-widget-tabs\" data-id=\"6c06573\" data-element_type=\"widget\" data-widget_type=\"tabs.default\">\n\t\t\t\t<div class=\"elementor-widget-container\">\n\t\t\t<style>\/*! elementor - v3.18.0 - 20-12-2023 *\/\n.elementor-widget-tabs.elementor-tabs-view-vertical .elementor-tabs-wrapper{width:25%;flex-shrink:0}.elementor-widget-tabs.elementor-tabs-view-vertical .elementor-tab-desktop-title.elementor-active{border-right-style:none}.elementor-widget-tabs.elementor-tabs-view-vertical .elementor-tab-desktop-title.elementor-active:after,.elementor-widget-tabs.elementor-tabs-view-vertical .elementor-tab-desktop-title.elementor-active:before{height:999em;width:0;right:0;border-right-style:solid}.elementor-widget-tabs.elementor-tabs-view-vertical .elementor-tab-desktop-title.elementor-active:before{top:0;transform:translateY(-100%)}.elementor-widget-tabs.elementor-tabs-view-vertical .elementor-tab-desktop-title.elementor-active:after{top:100%}.elementor-widget-tabs.elementor-tabs-view-horizontal .elementor-tab-desktop-title{display:table-cell}.elementor-widget-tabs.elementor-tabs-view-horizontal .elementor-tab-desktop-title.elementor-active{border-bottom-style:none}.elementor-widget-tabs.elementor-tabs-view-horizontal .elementor-tab-desktop-title.elementor-active:after,.elementor-widget-tabs.elementor-tabs-view-horizontal .elementor-tab-desktop-title.elementor-active:before{bottom:0;height:0;width:999em;border-bottom-style:solid}.elementor-widget-tabs.elementor-tabs-view-horizontal .elementor-tab-desktop-title.elementor-active:before{right:100%}.elementor-widget-tabs.elementor-tabs-view-horizontal .elementor-tab-desktop-title.elementor-active:after{left:100%}.elementor-widget-tabs .elementor-tab-content,.elementor-widget-tabs .elementor-tab-title,.elementor-widget-tabs .elementor-tab-title:after,.elementor-widget-tabs .elementor-tab-title:before,.elementor-widget-tabs .elementor-tabs-content-wrapper{border:1px #d5d8dc}.elementor-widget-tabs .elementor-tabs{text-align:left}.elementor-widget-tabs .elementor-tabs-wrapper{overflow:hidden}.elementor-widget-tabs .elementor-tab-title{cursor:pointer;outline:var(--focus-outline,none)}.elementor-widget-tabs .elementor-tab-desktop-title{position:relative;padding:20px 25px;font-weight:700;line-height:1;border:solid transparent}.elementor-widget-tabs .elementor-tab-desktop-title.elementor-active{border-color:#d5d8dc}.elementor-widget-tabs .elementor-tab-desktop-title.elementor-active:after,.elementor-widget-tabs .elementor-tab-desktop-title.elementor-active:before{display:block;content:\"\";position:absolute}.elementor-widget-tabs .elementor-tab-desktop-title:focus-visible{border:1px solid #000}.elementor-widget-tabs .elementor-tab-mobile-title{padding:10px;cursor:pointer}.elementor-widget-tabs .elementor-tab-content{padding:20px;display:none}@media (max-width:767px){.elementor-tabs .elementor-tab-content,.elementor-tabs .elementor-tab-title{border-style:solid solid none}.elementor-tabs .elementor-tabs-wrapper{display:none}.elementor-tabs .elementor-tabs-content-wrapper{border-bottom-style:solid}.elementor-tabs .elementor-tab-content{padding:10px}}@media (min-width:768px){.elementor-widget-tabs.elementor-tabs-view-vertical .elementor-tabs{display:flex}.elementor-widget-tabs.elementor-tabs-view-vertical .elementor-tabs-wrapper{flex-direction:column}.elementor-widget-tabs.elementor-tabs-view-vertical .elementor-tabs-content-wrapper{flex-grow:1;border-style:solid solid solid none}.elementor-widget-tabs.elementor-tabs-view-horizontal .elementor-tab-content{border-style:none solid solid}.elementor-widget-tabs.elementor-tabs-alignment-center .elementor-tabs-wrapper,.elementor-widget-tabs.elementor-tabs-alignment-end .elementor-tabs-wrapper,.elementor-widget-tabs.elementor-tabs-alignment-stretch .elementor-tabs-wrapper{display:flex}.elementor-widget-tabs.elementor-tabs-alignment-center .elementor-tabs-wrapper{justify-content:center}.elementor-widget-tabs.elementor-tabs-alignment-end .elementor-tabs-wrapper{justify-content:flex-end}.elementor-widget-tabs.elementor-tabs-alignment-stretch.elementor-tabs-view-horizontal .elementor-tab-title{width:100%}.elementor-widget-tabs.elementor-tabs-alignment-stretch.elementor-tabs-view-vertical .elementor-tab-title{height:100%}.elementor-tabs .elementor-tab-mobile-title{display:none}}<\/style>\t\t<div class=\"elementor-tabs\">\n\t\t\t<div class=\"elementor-tabs-wrapper\" role=\"tablist\" >\n\t\t\t\t\t\t\t\t\t<div id=\"elementor-tab-title-1131\" class=\"elementor-tab-title elementor-tab-desktop-title\" aria-selected=\"true\" data-tab=\"1\" role=\"tab\" tabindex=\"0\" aria-controls=\"elementor-tab-content-1131\" aria-expanded=\"false\">Sobre<\/div>\n\t\t\t\t\t\t\t\t\t<div id=\"elementor-tab-title-1132\" class=\"elementor-tab-title elementor-tab-desktop-title\" aria-selected=\"false\" data-tab=\"2\" role=\"tab\" tabindex=\"-1\" aria-controls=\"elementor-tab-content-1132\" aria-expanded=\"false\">Grade<\/div>\n\t\t\t\t\t\t\t\t\t<div id=\"elementor-tab-title-1133\" class=\"elementor-tab-title elementor-tab-desktop-title\" aria-selected=\"false\" data-tab=\"3\" role=\"tab\" tabindex=\"-1\" aria-controls=\"elementor-tab-content-1133\" aria-expanded=\"false\">Coordena\u00e7\u00e3o<\/div>\n\t\t\t\t\t\t\t\t\t<div id=\"elementor-tab-title-1134\" class=\"elementor-tab-title elementor-tab-desktop-title\" aria-selected=\"false\" data-tab=\"4\" role=\"tab\" tabindex=\"-1\" aria-controls=\"elementor-tab-content-1134\" aria-expanded=\"false\">Hor\u00e1rio<\/div>\n\t\t\t\t\t\t\t<\/div>\n\t\t\t<div class=\"elementor-tabs-content-wrapper\" role=\"tablist\" aria-orientation=\"vertical\">\n\t\t\t\t\t\t\t\t\t<div class=\"elementor-tab-title elementor-tab-mobile-title\" aria-selected=\"true\" data-tab=\"1\" role=\"tab\" tabindex=\"0\" aria-controls=\"elementor-tab-content-1131\" aria-expanded=\"false\">Sobre<\/div>\n\t\t\t\t\t<div id=\"elementor-tab-content-1131\" class=\"elementor-tab-content elementor-clearfix\" data-tab=\"1\" role=\"tabpanel\" aria-labelledby=\"elementor-tab-title-1131\" tabindex=\"0\" hidden=\"false\"><h2 style=\"letter-spacing: normal; text-align: start;\">O Curso<\/h2><p style=\"color: #000000; font-family: Verdana, sans-serif; font-size: 14px;\">O Curso Superior de Tecnologia em Design de Produto com \u00eanfase em Processos de Produ\u00e7\u00e3o e Industrializa\u00e7\u00e3o concentra-se em modelagem 3D, prototipagem 3D, desenho de projetos, t\u00e9cnicas manuais e digitais de ilustra\u00e7\u00e3o, Hist\u00f3ria do Design, Hist\u00f3ria da Arte, ergonomia e antropometria, prototipagem, materiais e gest\u00e3o de projetos de design. O aluno adquirir\u00e1 compet\u00eancias e habilidades criativas no campo tridimensional e bidimensional espec\u00edficas amparadas pelo conhecimento matem\u00e1tico para as quest\u00f5es de resist\u00eancia dos materiais e c\u00e1lculos volum\u00e9tricos, sempre em conson\u00e2ncia com os padr\u00f5es industriais de excel\u00eancia, seguran\u00e7a e apelo comercial.<\/p><h2 style=\"letter-spacing: normal; text-align: start;\">Objetivo<\/h2><ul style=\"color: #000000; font-family: Verdana, sans-serif; font-size: 14px;\"><li>Promover a forma\u00e7\u00e3o de profissionais com vis\u00e3o cr\u00edtica das rela\u00e7\u00f5es socioecon\u00f4micas para atender as necessidades de mercado atrav\u00e9s do dom\u00ednio e aplica\u00e7\u00e3o de conhecimentos cient\u00edficos e tecnol\u00f3gicos, transformando estes conhecimentos em processos, projetos, produtos e servi\u00e7os.<\/li><li>Sua forma\u00e7\u00e3o multidisciplinar o torna um agente desencadeador de avan\u00e7os, inova\u00e7\u00f5es em produtos, processos industriais e\/ou servi\u00e7os prestados. O curso deve oferecer ao Tecn\u00f3logo a possibilidade de atuar como gerador de novos conhecimentos, em empresas de consultoria e assessoramento ou estabelecimentos de ensino.<\/li><li>Atender \u00e0s exig\u00eancias de competitividade do mercado de trabalho tecnol\u00f3gico globalizado voltado \u00e0s necessidades de produ\u00e7\u00e3o, atrav\u00e9s do dom\u00ednio e aplica\u00e7\u00e3o de conhecimentos cient\u00edficos, tecnol\u00f3gicos, pesquisa, desenvolvimento e gest\u00e3o tecnol\u00f3gica, transformando esses conhecimentos em processos, produtos e servi\u00e7os.<\/li><li>Suprir permanentemente as necessidades regionais com profissionais atualizados, capazes de promover mudan\u00e7as e avan\u00e7os, fundamentando suas decis\u00f5es no conhecimento tecnol\u00f3gico e vis\u00e3o multidisciplinar dos problemas enfocados.<\/li><li>Disponibilizar recursos humanos qualificados dentro de propostas coerentes com as pol\u00edticas econ\u00f4micas.<\/li><li>Formar tecn\u00f3logos com vis\u00e3o cr\u00edtica das rela\u00e7\u00f5es socioecon\u00f4micas e das varia\u00e7\u00f5es do mercado tecnol\u00f3gico.<\/li><\/ul><h2 style=\"letter-spacing: normal; text-align: start;\">O perfil do profissional<\/h2><div>\u00a0<\/div><p style=\"color: #000000; font-family: Verdana, sans-serif; font-size: 14px;\">O tecn\u00f3logo em design de produto pesquisa e desenvolve produtos industriais, integrando equipes multidisciplinares de desenvolvimento de produtos. Desenha e modela produtos aplicando t\u00e9cnicas manuais e digitais de desenvolvimento de produto. Elabora modelos e prot\u00f3tipos para testes industriais e experi\u00eancia do consumidor. Domina plenamente os conceitos est\u00e9ticos, hist\u00f3ricos, culturais, industriais e funcionais do design de produto.<\/p><h2 style=\"letter-spacing: normal; text-align: start;\">O mercado de trabalho<\/h2><p style=\"color: #000000; font-family: Verdana, sans-serif; font-size: 14px;\">O desenvolvimento e aplica\u00e7\u00e3o de design \u00e9 cada vez mais solicitado em nossa sociedade para agregar valor \u00e0 produ\u00e7\u00e3o industrial no mundo globalizado. O profissional desta \u00e1rea tem ampla gama de atividades no setor produtivo, podendo atuar em escrit\u00f3rios de design, est\u00fadios de design, laborat\u00f3rios de design, oficinas de modelos e prot\u00f3tipos, empresas desenvolvedoras de embalagens, setores de design em Ind\u00fastrias de pequeno, m\u00e9dio e grande porte. Institui\u00e7\u00f5es de Ensino, mediante forma\u00e7\u00e3o requerida pela legisla\u00e7\u00e3o vigente. Por ser um profissional altamente capacitado com dom\u00ednio em diversas \u00e1reas criativas pode tamb\u00e9m trabalhar em \u00e1reas de cria\u00e7\u00e3o adjacentes com grande desenvoltura, em empresas ou como profissional aut\u00f4nomo.\u00a0\u00a0<\/p><div><div>\u00a0<span style=\"color: #3b3d42; font-family: Roboto, sans-serif; font-size: 40px;\">Vagas<\/span><\/div><p>O Curso Superior de Tecnologia em Design de Produto com \u00canfase em Processos de Produ\u00e7\u00e3o e Industrializa\u00e7\u00e3o \u00e9 oferecido no per\u00edodo m<span style=\"color: var( --e-global-color-text ); font-family: var( --e-global-typography-text-font-family ), Sans-serif; font-size: var( --e-global-typography-text-font-size ); font-style: var( --e-global-typography-text-font-style ); font-weight: var( --e-global-typography-text-font-weight ); letter-spacing: 0px;\">atutino \u2013 40 vagas.<\/span><\/p><p><span style=\"color: #3b3d42; font-family: Roboto, sans-serif; font-size: 40px;\">Resumo da carga hor\u00e1ria<\/span><\/p><ul><li>2400 horas (atende CNCST)<\/li><li>240 horas de est\u00e1gio curricular<\/li><li>160 horas de Trabalho de Gradua\u00e7\u00e3o<\/li><\/ul><p>Total: 2800 horas<\/p><h2 style=\"letter-spacing: normal; text-align: start;\">Vestibular<\/h2><p>A inscri\u00e7\u00e3o para o vestibular deve ser realizada atrav\u00e9s do site<strong>\u00a0<a href=\"http:\/\/www.vestibularfatec.com.br\/\">Vestibular Fatec<\/a><\/strong>.<\/p><\/div><\/div>\n\t\t\t\t\t\t\t\t\t<div class=\"elementor-tab-title elementor-tab-mobile-title\" aria-selected=\"false\" data-tab=\"2\" role=\"tab\" tabindex=\"-1\" aria-controls=\"elementor-tab-content-1132\" aria-expanded=\"false\">Grade<\/div>\n\t\t\t\t\t<div id=\"elementor-tab-content-1132\" class=\"elementor-tab-content elementor-clearfix\" data-tab=\"2\" role=\"tabpanel\" aria-labelledby=\"elementor-tab-title-1132\" tabindex=\"0\" hidden=\"hidden\"><h2 style=\"letter-spacing: normal; text-align: start;\">Grade curricular<\/h2><h3 style=\"letter-spacing: normal; text-align: start;\">1<span style=\"font-size: 21px; line-height: 0; position: relative; vertical-align: baseline; top: -0.5em;\">o<\/span>\u00a0ciclo<\/h3><ul style=\"color: #000000; font-family: Verdana, sans-serif; font-size: 14px;\"><li>Hist\u00f3ria do Design I (Design Universal)<\/li><li>Design de Produto<\/li><li>Desenho Art\u00edstico Presencial<\/li><li>Tecnologia da Informa\u00e7\u00e3o e Interfaces<\/li><li>Ci\u00eancia e Tecnologia dos materiais<\/li><li>Matem\u00e1tica Aplicada \u00e0 Projetos de Design<\/li><li>T\u00e9cnicas de Apresenta\u00e7\u00e3o Comercial e Portf\u00f3lio<\/li><li>Ingl\u00eas I<\/li><\/ul><h3 style=\"letter-spacing: normal; text-align: start;\">2<span style=\"font-size: 21px; line-height: 0; position: relative; vertical-align: baseline; top: -0.5em;\">o<\/span>\u00a0ciclo<\/h3><ul style=\"color: #000000; font-family: Verdana, sans-serif; font-size: 14px;\"><li>Hist\u00f3ria do Design II (Design Brasileiro)<\/li><li>Desenho T\u00e9cnico<\/li><li>Materiais e Processos I \u2013 Metais e Cer\u00e2mica<\/li><li>Elementos e Ferramentas<\/li><li>Metodologia da Pesquisa Cient\u00edfico Tecnol\u00f3gica<\/li><li>Biomec\u00e2nica do Movimento Humano aplicado ao Design de Produto<\/li><li>\u00c1lgebra Linear e Geometria Anal\u00edtica<\/li><li>Ingl\u00eas II<\/li><\/ul><h3 style=\"letter-spacing: normal; text-align: start;\">3<span style=\"font-size: 21px; line-height: 0; position: relative; vertical-align: baseline; top: -0.5em;\">o<\/span>\u00a0ciclo<\/h3><ul style=\"color: #000000; font-family: Verdana, sans-serif; font-size: 14px;\"><li>Desenho T\u00e9cnico Assistido por Computador<\/li><li>Pr\u00e1ticas de Criatividade de Produtos de Baixo Or\u00e7amento<\/li><li>Design Biomim\u00e9tico<\/li><li>Ecodesign<\/li><li>Materiais e Processos II \u2013 Pol\u00edmeros e Comp\u00f3sitos<\/li><li>Modelagem e Prototipagem<\/li><li>\u00c9tica Profissional, Normas e Legisla\u00e7\u00e3o<\/li><li>Ingl\u00eas III<\/li><\/ul><h3 style=\"letter-spacing: normal; text-align: start;\">4<span style=\"font-size: 21px; line-height: 0; position: relative; vertical-align: baseline; top: -0.5em;\">o<\/span>\u00a0ciclo<\/h3><ul style=\"color: #000000; font-family: Verdana, sans-serif; font-size: 14px;\"><li>Modelagem 3D de Produto Assistido por Computador<\/li><li>Prototipagem R\u00e1pida<\/li><li>T\u00e9cnicas de capta\u00e7\u00e3o de imagens e volumes (Fotografia e escaneamento 3D)<\/li><li>Ergonomia e Antropometria<\/li><li>Materiais e Processos III \u2013 Fibras, Madeiras, Materiais Alternativos e Tecnol\u00f3gicos<\/li><li>Controle de Qualidade<\/li><li>Fundamentos de Gest\u00e3o de Projetos<\/li><li>Ingl\u00eas IV<\/li><\/ul><h3 style=\"letter-spacing: normal; text-align: start;\">5<span style=\"font-size: 21px; line-height: 0; position: relative; vertical-align: baseline; top: -0.5em;\">o<\/span>\u00a0ciclo<\/h3><ul style=\"color: #000000; font-family: Verdana, sans-serif; font-size: 14px;\"><li>Projeto 3D de Produto assistido por Computador Avan\u00e7ado<\/li><li>Semi\u00f3tica aplicada ao Design de Produto<\/li><li>Gerenciamento de Projeto de Design de Produto<\/li><li>Design Reverso e Inova\u00e7\u00e3o<\/li><li>Gest\u00e3o do Trabalho de Gradua\u00e7\u00e3o<\/li><li>Produtos Multifuncionais e Modulares<\/li><li>Desenho Param\u00e9trico<\/li><li>Cultura Material e Imaterial Brasileira<\/li><\/ul><h3 style=\"letter-spacing: normal; text-align: start;\">6<span style=\"font-size: 21px; line-height: 0; position: relative; vertical-align: baseline; top: -0.5em;\">o<\/span>\u00a0ciclo<\/h3><ul style=\"color: #000000; font-family: Verdana, sans-serif; font-size: 14px;\"><li>Redesenho do objeto e uso seguro<\/li><li>Design de embalagem<\/li><li>Seguran\u00e7a e Sa\u00fade Ocupacional<\/li><li>Estudo de Tend\u00eancias Presencial<\/li><li>Processos de Produ\u00e7\u00e3o e Industrializa\u00e7\u00e3o<\/li><li>Design Multifuncional<\/li><li>Marketing de Produto<\/li><li>Empreendedorismo, Prospec\u00e7\u00e3o e Inova\u00e7\u00e3o<\/li><li>Gest\u00e3o de Custos Industriais<\/li><\/ul><div><a style=\"font-family: Verdana, sans-serif; font-size: 14px; letter-spacing: 0px; text-align: inherit; background-color: white;\" href=\"http:\/\/fateccotia.edu.br\/wp-content\/uploads\/2020\/12\/Projeto-Pedag%C3%B3gico-do-Curso-Superior-de-Tecnologia-em-Ci%C3%AAncia-de-Dados-FATEC-Cotia.pdf\" target=\"_blank\" rel=\"noopener noreferrer\">GRADE CURRICULAR DETALHADA\u00a0<\/a><\/div><div>\u00a0<\/div><\/div>\n\t\t\t\t\t\t\t\t\t<div class=\"elementor-tab-title elementor-tab-mobile-title\" aria-selected=\"false\" data-tab=\"3\" role=\"tab\" tabindex=\"-1\" aria-controls=\"elementor-tab-content-1133\" aria-expanded=\"false\">Coordena\u00e7\u00e3o<\/div>\n\t\t\t\t\t<div id=\"elementor-tab-content-1133\" class=\"elementor-tab-content elementor-clearfix\" data-tab=\"3\" role=\"tabpanel\" aria-labelledby=\"elementor-tab-title-1133\" tabindex=\"0\" hidden=\"hidden\"><div class=\"page-template-page-php\">\n<section id=\"main\">\n<div class=\"container\">\n<article id=\"content\" tabindex=\"-1\">\n<h2><span style=\"font-size: 20px; letter-spacing: 0px; text-align: inherit;\"><img fetchpriority=\"high\" decoding=\"async\" class=\"alignnone size-medium wp-image-1018\" src=\"http:\/\/fateccotia.educacao.ws\/wp-content\/uploads\/2024\/04\/FotoJonhe1-225x300.jpg\" alt=\"\" width=\"225\" height=\"300\" srcset=\"http:\/\/fateccotia.educacao.ws\/wp-content\/uploads\/2024\/04\/FotoJonhe1-225x300.jpg 225w, http:\/\/fateccotia.educacao.ws\/wp-content\/uploads\/2024\/04\/FotoJonhe1.jpg 590w\" sizes=\"(max-width: 225px) 100vw, 225px\" \/><\/span><\/h2>\n<h2><span style=\"font-size: 20px; letter-spacing: 0px; text-align: inherit;\">Prof. Dr. Felipe Carneiro<\/span><\/h2>\n<div>\n<h4><a class=\"btn btn-primary btn-sm\" href=\"mailto:johne.jarske@fatec.sp.gov.br\" target=\"_blank\" rel=\"noopener noreferrer\">&nbsp;E-MAIL<\/a>&nbsp;&nbsp;<a class=\"btn btn-primary btn-sm\" href=\"http:\/\/lattes.cnpq.br\/6733739825285561\" target=\"_blank\" rel=\"noopener noreferrer\">CURR\u00cdCULO<\/a><\/h4>\n<\/div>\n<\/article>\n<\/div>\n<\/section>\n<div>\n<div class=\"page-template-page-php\">\n<section id=\"main\">\n<div class=\"container\">\n<article id=\"content\" tabindex=\"-1\">\n<div>&nbsp;<\/div>\n<\/article>\n<\/div>\n<\/section>\n<\/div>\n<\/div>\n<\/div><\/div>\n\t\t\t\t\t\t\t\t\t<div class=\"elementor-tab-title elementor-tab-mobile-title\" aria-selected=\"false\" data-tab=\"4\" role=\"tab\" tabindex=\"-1\" aria-controls=\"elementor-tab-content-1134\" aria-expanded=\"false\">Hor\u00e1rio<\/div>\n\t\t\t\t\t<div id=\"elementor-tab-content-1134\" class=\"elementor-tab-content elementor-clearfix\" data-tab=\"4\" role=\"tabpanel\" aria-labelledby=\"elementor-tab-title-1134\" tabindex=\"0\" hidden=\"hidden\"><h2><span style=\"letter-spacing: 0px; text-align: inherit;\">Hor\u00e1rio das aulas<\/span><\/h2><p>2\u00aa a 6\u00aa das 8h \u00e0s 13h20.<\/p><p>As disciplinas do 6\u00ba semestre ser\u00e3o ministradas no per\u00edodo NOTURNO das 19h as 22h40 e algumas disciplinas ser\u00e3o ministradas \u00e0 dist\u00e2ncia, no formato online e s\u00edncrono de acordo com o previsto no Projeto Pedag\u00f3gico do curso.<\/p><\/div>\n\t\t\t\t\t\t\t<\/div>\n\t\t<\/div>\n\t\t\t\t<\/div>\n\t\t\t\t<\/div>\n\t\t\t\t\t<\/div>\n\t\t\t\t<\/div>\n\t\t\t\t\t\t\t<\/div>\n\t\t","protected":false},"excerpt":{"rendered":"<p>Sobre Grade Coordena\u00e7\u00e3o Hor\u00e1rio Sobre O Curso O Curso Superior de Tecnologia em Design de Produto com \u00eanfase em Processos de Produ\u00e7\u00e3o e Industrializa\u00e7\u00e3o concentra-se em modelagem 3D, prototipagem 3D, desenho de projetos, t\u00e9cnicas manuais e digitais de ilustra\u00e7\u00e3o, Hist\u00f3ria do Design, Hist\u00f3ria da Arte, ergonomia e antropometria, prototipagem, materiais e gest\u00e3o de projetos de [&hellip;]<\/p>\n","protected":false},"author":1,"featured_media":0,"parent":38,"menu_order":0,"comment_status":"closed","ping_status":"closed","template":"","meta":{"footnotes":""},"_links":{"self":[{"href":"http:\/\/fateccotia.educacao.ws\/index.php?rest_route=\/wp\/v2\/pages\/310"}],"collection":[{"href":"http:\/\/fateccotia.educacao.ws\/index.php?rest_route=\/wp\/v2\/pages"}],"about":[{"href":"http:\/\/fateccotia.educacao.ws\/index.php?rest_route=\/wp\/v2\/types\/page"}],"author":[{"embeddable":true,"href":"http:\/\/fateccotia.educacao.ws\/index.php?rest_route=\/wp\/v2\/users\/1"}],"replies":[{"embeddable":true,"href":"http:\/\/fateccotia.educacao.ws\/index.php?rest_route=%2Fwp%2Fv2%2Fcomments&post=310"}],"version-history":[{"count":16,"href":"http:\/\/fateccotia.educacao.ws\/index.php?rest_route=\/wp\/v2\/pages\/310\/revisions"}],"predecessor-version":[{"id":1262,"href":"http:\/\/fateccotia.educacao.ws\/index.php?rest_route=\/wp\/v2\/pages\/310\/revisions\/1262"}],"up":[{"embeddable":true,"href":"http:\/\/fateccotia.educacao.ws\/index.php?rest_route=\/wp\/v2\/pages\/38"}],"wp:attachment":[{"href":"http:\/\/fateccotia.educacao.ws\/index.php?rest_route=%2Fwp%2Fv2%2Fmedia&parent=310"}],"curies":[{"name":"wp","href":"https:\/\/api.w.org\/{rel}","templated":true}]}}