{"id":42,"date":"2023-12-21T16:10:13","date_gmt":"2023-12-21T19:10:13","guid":{"rendered":"http:\/\/fateccotia.educacao.ws\/?page_id=42"},"modified":"2023-12-25T20:08:44","modified_gmt":"2023-12-25T23:08:44","slug":"biblioteca","status":"publish","type":"page","link":"http:\/\/fateccotia.educacao.ws\/?page_id=42","title":{"rendered":"Biblioteca"},"content":{"rendered":"\t\t<div data-elementor-type=\"wp-page\" data-elementor-id=\"42\" class=\"elementor elementor-42\">\n\t\t\t\t\t\t\t<div class=\"elementor-element elementor-element-5623971 e-flex e-con-boxed e-con e-parent\" data-id=\"5623971\" data-element_type=\"container\" data-settings=\"{&quot;content_width&quot;:&quot;boxed&quot;}\" data-core-v316-plus=\"true\">\n\t\t\t\t\t<div class=\"e-con-inner\">\n\t\t\t\t<div class=\"elementor-element elementor-element-ab58f65 elementor-widget elementor-widget-text-editor\" data-id=\"ab58f65\" data-element_type=\"widget\" data-widget_type=\"text-editor.default\">\n\t\t\t\t<div class=\"elementor-widget-container\">\n\t\t\t<style>\/*! elementor - v3.18.0 - 20-12-2023 *\/\n.elementor-widget-text-editor.elementor-drop-cap-view-stacked .elementor-drop-cap{background-color:#69727d;color:#fff}.elementor-widget-text-editor.elementor-drop-cap-view-framed .elementor-drop-cap{color:#69727d;border:3px solid;background-color:transparent}.elementor-widget-text-editor:not(.elementor-drop-cap-view-default) .elementor-drop-cap{margin-top:8px}.elementor-widget-text-editor:not(.elementor-drop-cap-view-default) .elementor-drop-cap-letter{width:1em;height:1em}.elementor-widget-text-editor .elementor-drop-cap{float:left;text-align:center;line-height:1;font-size:50px}.elementor-widget-text-editor .elementor-drop-cap-letter{display:inline-block}<\/style>\t\t\t\t<h3 class=\"page-header\">Biblioteca<\/h3><p>A Biblioteca da Fatec Cotia vem contribuindo para a excel\u00eancia no Ensino Tecnol\u00f3gico de seus cursos de gradua\u00e7\u00e3o.<\/p><h3 class=\"page-header\">Miss\u00e3o da Biblioteca<\/h3><p>Facilitar o acesso a uma variedade de fontes de informa\u00e7\u00e3o e dissemin\u00e1-la de forma a oferecer aos alunos, docentes e funcion\u00e1rios da Fatec Cotia, os servi\u00e7os e produtos essenciais ao desenvolvimento das atividades culturais e acad\u00eamicas de ensino, pesquisa e extens\u00e3o.<\/p><h3 class=\"page-header\">Hor\u00e1rio de atendimento<\/h3><p><strong>Ter\u00e7as e Quintas:<\/strong>\u00a0das 09h00 \u00e0s 12h00 e das 13h30 \u00e0s 16h00<br \/><strong>S\u00e1bados:<\/strong>\u00a0das 09:00 \u00e0s 11:30<\/p>\t\t\t\t\t\t<\/div>\n\t\t\t\t<\/div>\n\t\t\t\t\t<\/div>\n\t\t\t\t<\/div>\n\t\t\t\t\t\t\t<\/div>\n\t\t","protected":false},"excerpt":{"rendered":"<p>Biblioteca A Biblioteca da Fatec Cotia vem contribuindo para a excel\u00eancia no Ensino Tecnol\u00f3gico de seus cursos de gradua\u00e7\u00e3o. Miss\u00e3o da Biblioteca Facilitar o acesso a uma variedade de fontes de informa\u00e7\u00e3o e dissemin\u00e1-la de forma a oferecer aos alunos, docentes e funcion\u00e1rios da Fatec Cotia, os servi\u00e7os e produtos essenciais ao desenvolvimento das atividades [&hellip;]<\/p>\n","protected":false},"author":1,"featured_media":0,"parent":0,"menu_order":0,"comment_status":"closed","ping_status":"closed","template":"","meta":{"footnotes":""},"_links":{"self":[{"href":"http:\/\/fateccotia.educacao.ws\/index.php?rest_route=\/wp\/v2\/pages\/42"}],"collection":[{"href":"http:\/\/fateccotia.educacao.ws\/index.php?rest_route=\/wp\/v2\/pages"}],"about":[{"href":"http:\/\/fateccotia.educacao.ws\/index.php?rest_route=\/wp\/v2\/types\/page"}],"author":[{"embeddable":true,"href":"http:\/\/fateccotia.educacao.ws\/index.php?rest_route=\/wp\/v2\/users\/1"}],"replies":[{"embeddable":true,"href":"http:\/\/fateccotia.educacao.ws\/index.php?rest_route=%2Fwp%2Fv2%2Fcomments&post=42"}],"version-history":[{"count":4,"href":"http:\/\/fateccotia.educacao.ws\/index.php?rest_route=\/wp\/v2\/pages\/42\/revisions"}],"predecessor-version":[{"id":375,"href":"http:\/\/fateccotia.educacao.ws\/index.php?rest_route=\/wp\/v2\/pages\/42\/revisions\/375"}],"wp:attachment":[{"href":"http:\/\/fateccotia.educacao.ws\/index.php?rest_route=%2Fwp%2Fv2%2Fmedia&parent=42"}],"curies":[{"name":"wp","href":"https:\/\/api.w.org\/{rel}","templated":true}]}}