{"id":659,"date":"2023-12-29T18:00:49","date_gmt":"2023-12-29T21:00:49","guid":{"rendered":"http:\/\/fateccotia.educacao.ws\/?page_id=659"},"modified":"2024-07-08T12:23:41","modified_gmt":"2024-07-08T15:23:41","slug":"estagio","status":"publish","type":"page","link":"http:\/\/fateccotia.educacao.ws\/?page_id=659","title":{"rendered":"Est\u00e1gio"},"content":{"rendered":"\t\t<div data-elementor-type=\"wp-page\" data-elementor-id=\"659\" class=\"elementor elementor-659\">\n\t\t\t\t\t\t\t<div class=\"elementor-element elementor-element-421b518 e-flex e-con-boxed e-con e-parent\" data-id=\"421b518\" data-element_type=\"container\" data-settings=\"{&quot;content_width&quot;:&quot;boxed&quot;}\" data-core-v316-plus=\"true\">\n\t\t\t\t\t<div class=\"e-con-inner\">\n\t\t\t\t<div class=\"elementor-element elementor-element-f532cf3 elementor-widget elementor-widget-text-editor\" data-id=\"f532cf3\" data-element_type=\"widget\" data-widget_type=\"text-editor.default\">\n\t\t\t\t<div class=\"elementor-widget-container\">\n\t\t\t<style>\/*! elementor - v3.18.0 - 20-12-2023 *\/\n.elementor-widget-text-editor.elementor-drop-cap-view-stacked .elementor-drop-cap{background-color:#69727d;color:#fff}.elementor-widget-text-editor.elementor-drop-cap-view-framed .elementor-drop-cap{color:#69727d;border:3px solid;background-color:transparent}.elementor-widget-text-editor:not(.elementor-drop-cap-view-default) .elementor-drop-cap{margin-top:8px}.elementor-widget-text-editor:not(.elementor-drop-cap-view-default) .elementor-drop-cap-letter{width:1em;height:1em}.elementor-widget-text-editor .elementor-drop-cap{float:left;text-align:center;line-height:1;font-size:50px}.elementor-widget-text-editor .elementor-drop-cap-letter{display:inline-block}<\/style>\t\t\t\t<h3>Est\u00e1gio Supervisionado<\/h3>\n<p>Est\u00e1gio Supervisionado \u00e9 uma disciplina que consta na grade curricular dos cursos de Gest\u00e3o Empresarial e Gest\u00e3o da Produ\u00e7\u00e3o Industrial. Esta disciplina deve ser validada pelos alunos ao longo do curso por uma de duas formas poss\u00edveis:<\/p>\n<ol>\n<li>Realizar um est\u00e1gio&nbsp;que esteja adequado a lei do est\u00e1gio (lei 11.788);<\/li>\n<li><a href=\"http:\/\/fateccotia.educacao.ws\/wp-content\/uploads\/2024\/01\/Convalidacao-de-estagio-Solicitacao-Aluno.doc\">Pedir convalida\u00e7\u00e3o da disciplina no caso de alunos que j\u00e1 atuem no mercado de trabalho via Consolida\u00e7\u00e3o das Leis Trabalhistas (CLT)<\/a><a class=\"a_nodecor\" href=\"http:\/\/fateccotia.edu.br\/estagios\/#de\">;<\/a><\/li>\n<\/ol>\n<h3>Est\u00e1gios<\/h3>\n<p>Para o in\u00edcio do Est\u00e1gio \u00e9 necess\u00e1rio que a empresa baixe e preencha dois documentos:<\/p>\n<ul>\n<li><a title=\"Termo de Compromisso de Est\u00e1gio (TCE)\" href=\"http:\/\/fateccotia.educacao.ws\/wp-content\/uploads\/2024\/01\/Estagio-Termo-de-Compromisso-de-Estagio-Fatec-Cotia.docx\">Termo de Compromisso de Est\u00e1gio (TCE)<\/a>, preencher, assinar e carimbar 3 vias;<\/li>\n<li><a title=\"Termo de Coopera\u00e7\u00e3o\" href=\"http:\/\/fateccotia.educacao.ws\/wp-content\/uploads\/2024\/01\/Termo-de-Cooperacao_estagio.doc\">Termo de Coopera\u00e7\u00e3o<\/a>, preencher, assinar e carimbar 2 vias;<\/li>\n<\/ul>\n<p>Os documentos devem ser entregues pelo aluno na Secretaria da unidade, e tem um prazo de 20 dias \u00fateis para an\u00e1lise e assinatura. O Est\u00e1gio s\u00f3 deve ser iniciado ap\u00f3s assinatura do TCE por todas as partes envolvidas.<\/p>\n<p>O hor\u00e1rio de est\u00e1gio deve ser compat\u00edvel com o hor\u00e1rio escolar. Contratos em que tais hor\u00e1rios entrem em conflito n\u00e3o ser\u00e3o assinados. A cada seis meses, o aluno e a empresa precisam preencher o Caderno de Est\u00e1gio e entreg\u00e1-lo \u00e0 Secretaria da unidade. Se a qualquer momento o contrato for rescindido o aluno tamb\u00e9m deve entregar um Caderno de Est\u00e1gio e a rescis\u00e3o do contrato na Secretaria da unidade.<\/p>\n<h3>Documentos de Est\u00e1gio<\/h3>\n<ul>\n<li><a title=\"Termo de Compromisso de Est\u00e1gio (TCE)\" href=\"http:\/\/fateccotia.educacao.ws\/wp-content\/uploads\/2024\/01\/Estagio-Termo-de-Compromisso-de-Estagio-Fatec-Cotia.docx\">Termo de Compromisso de Est\u00e1gio (TCE)<\/a><\/li>\n<li><a title=\"Termo de Coopera\u00e7\u00e3o\" href=\"http:\/\/fateccotia.educacao.ws\/wp-content\/uploads\/2024\/01\/Termo-de-Cooperacao_estagio.doc\">Termo de Coopera\u00e7\u00e3o<\/a><\/li>\n<li><a title=\"Caderno de Est\u00e1gio Gest\u00e3o Empresarial\" href=\"http:\/\/fateccotia.educacao.ws\/wp-content\/uploads\/2024\/01\/Estagio-Caderno_de_estagio_-_Gestao_Empresarial.doc\">Caderno de Est\u00e1gio Gest\u00e3o Empresarial<\/a><\/li>\n<li><a title=\"Caderno de Est\u00e1gio Gest\u00e3o da Produ\u00e7\u00e3o Industrial\" href=\"http:\/\/fateccotia.educacao.ws\/wp-content\/uploads\/2024\/01\/Estagio-Caderno_de_estagio_-_Gestao_da_Producao_Industrial.doc\">Caderno de Est\u00e1gio Gest\u00e3o da Produ\u00e7\u00e3o Industrial<\/a><\/li>\n<li><a title=\"Caderno de Est\u00e1gio Ci\u00eancia de Dados\" href=\"http:\/\/fateccotia.educacao.ws\/wp-content\/uploads\/2024\/01\/Estagio-Caderno_de_estagio_-_Ciencia-de-Dados.doc\">Caderno de Est\u00e1gio Ci\u00eancia de Dados<\/a><\/li>\n<li><a title=\"Caderno de Est\u00e1gio Desenvolvimento de Sistemas Multiplataforma\" href=\"http:\/\/fateccotia.educacao.ws\/wp-content\/uploads\/2024\/01\/Estagio-caderno-de-estagio-DSM-Desenvolvimento-de-Software-Multiplataforma.doc\">Caderno de Est\u00e1gio Desenvolvimento de Software Multiplataforma<\/a><\/li>\n<\/ul>\n<h3>Convalida\u00e7\u00e3o de Est\u00e1gio<\/h3>\n<p>Os alunos que j\u00e1 trabalham ou trabalharam na \u00e1rea de estudo via CLT e desenvolvem ou desenvolviam atividades correlatas \u00e0s de estudo, podem providenciar os documentos descritos a seguir e pedir a convalida\u00e7\u00e3o da disciplina Est\u00e1gio Supervisionado. Os documentos devem ser entregues na Secretaria da unidade.<\/p>\n<p><strong>Documentos para convalida\u00e7\u00e3o<\/strong><br>\u2013&nbsp;<a class=\"a_nodecor\" href=\"http:\/\/fateccotia.educacao.ws\/wp-content\/uploads\/2024\/01\/Convalidacao-de-estagio_-_Declaracao_Empresa.doc\">Modelo de Declara\u00e7\u00e3o da empresa<\/a>&nbsp;em papel timbrado, assinada e carimbada;<br>\u2013&nbsp;<a class=\"a_nodecor\" href=\"http:\/\/fateccotia.educacao.ws\/wp-content\/uploads\/2024\/01\/Convalidacao-de-estagio-Solicitacao-Aluno.doc\">Solicita\u00e7\u00e3o de convalida\u00e7\u00e3o<\/a>&nbsp;da disciplina Est\u00e1gio Supervisionado;<br>\u2013 C\u00f3pia autenticada da Carteira de Trabalho (CTPS) das seguintes p\u00e1ginas: p\u00e1gina com foto, p\u00e1gina com os dados pessoais e p\u00e1gina com o registro na empresa.<\/p>\n<p>Coordenadora de Est\u00e1gios<br>Profa. Edillise Louren\u00e7o Graballos<br><a href=\"mailto:f270.estagios@fatec.sp.gov.br\">f270.estagios@fatec.sp.gov.br<\/a><\/p>\t\t\t\t\t\t<\/div>\n\t\t\t\t<\/div>\n\t\t\t\t\t<\/div>\n\t\t\t\t<\/div>\n\t\t\t\t\t\t\t<\/div>\n\t\t","protected":false},"excerpt":{"rendered":"<p>Est\u00e1gio Supervisionado Est\u00e1gio Supervisionado \u00e9 uma disciplina que consta na grade curricular dos cursos de Gest\u00e3o Empresarial e Gest\u00e3o da Produ\u00e7\u00e3o Industrial. Esta disciplina deve ser validada pelos alunos ao longo do curso por uma de duas formas poss\u00edveis: Realizar um est\u00e1gio&nbsp;que esteja adequado a lei do est\u00e1gio (lei 11.788); Pedir convalida\u00e7\u00e3o da disciplina no [&hellip;]<\/p>\n","protected":false},"author":1,"featured_media":0,"parent":0,"menu_order":0,"comment_status":"closed","ping_status":"closed","template":"","meta":{"footnotes":""},"_links":{"self":[{"href":"http:\/\/fateccotia.educacao.ws\/index.php?rest_route=\/wp\/v2\/pages\/659"}],"collection":[{"href":"http:\/\/fateccotia.educacao.ws\/index.php?rest_route=\/wp\/v2\/pages"}],"about":[{"href":"http:\/\/fateccotia.educacao.ws\/index.php?rest_route=\/wp\/v2\/types\/page"}],"author":[{"embeddable":true,"href":"http:\/\/fateccotia.educacao.ws\/index.php?rest_route=\/wp\/v2\/users\/1"}],"replies":[{"embeddable":true,"href":"http:\/\/fateccotia.educacao.ws\/index.php?rest_route=%2Fwp%2Fv2%2Fcomments&post=659"}],"version-history":[{"count":52,"href":"http:\/\/fateccotia.educacao.ws\/index.php?rest_route=\/wp\/v2\/pages\/659\/revisions"}],"predecessor-version":[{"id":1274,"href":"http:\/\/fateccotia.educacao.ws\/index.php?rest_route=\/wp\/v2\/pages\/659\/revisions\/1274"}],"wp:attachment":[{"href":"http:\/\/fateccotia.educacao.ws\/index.php?rest_route=%2Fwp%2Fv2%2Fmedia&parent=659"}],"curies":[{"name":"wp","href":"https:\/\/api.w.org\/{rel}","templated":true}]}}