{"id":672,"date":"2023-12-29T18:21:02","date_gmt":"2023-12-29T21:21:02","guid":{"rendered":"http:\/\/fateccotia.educacao.ws\/?page_id=672"},"modified":"2024-07-08T16:26:47","modified_gmt":"2024-07-08T19:26:47","slug":"secretaria","status":"publish","type":"page","link":"http:\/\/fateccotia.educacao.ws\/?page_id=672","title":{"rendered":"Diretoria Acad\u00eamica"},"content":{"rendered":"<p>A Diretoria Acad\u00eamica \u00e9 o \u00f3rg\u00e3o respons\u00e1vel pelo acompanhamento da legisla\u00e7\u00e3o educacional e centralizam os registros, arquivo e expedi\u00e7\u00e3o de documentos de controle acad\u00eamico e atos normativos, sendo um canal de comunica\u00e7\u00e3o na institui\u00e7\u00e3o.<\/p>\n<p>Objetivo \u2013 Processar e guardar todos os registros pertinentes \u00e0 vida acad\u00eamica, bem como, frequ\u00eancia, receber e dar resposta aos diversos protocolos, organizar e divulgar os per\u00edodos de matr\u00edcula de calouros e veteranos, controlar o sistema acad\u00eamico, prop\u00f5e o Calend\u00e1rio Acad\u00eamico, realiza as dispensas de disciplinas, expede e recebe transfer\u00eancias, organiza as cerim\u00f4nias de outorga de grau e registro de diplomas e presta assessoria \u00e0 Dire\u00e7\u00e3o e \u00e0s Coordena\u00e7\u00f5es de Cursos, visando \u00e0 efici\u00eancia e \u00e0 agilidade no atendimento aos Acad\u00eamicos.<\/p>\n<h3>Hor\u00e1rio de Atendimento<\/h3>\n<p><strong>Atendimento de Ter\u00e7as e Quintas-Feiras<\/strong><br \/>\n\u2013 Manh\u00e3: das 10:00 \u00e0s 12:30<br \/>\n\u2013 Noite: das 18:00 \u00e0s 20:00<\/p>\n<p>Telefone: (11) 4616-3284<br \/>\nE-mail:\u00a0f270.secretaria@fatec.sp.gov.br<\/p>\n<h3>Rematr\u00edcula \u2013 VETERANOS<\/h3>\n<p>Per\u00edodo para rematr\u00edcula pelo sistema\u00a0<a title=\"SIGA - Sistema Integrado de Gest\u00e3o Acad\u00eamica\" href=\"https:\/\/siga.cps.sp.gov.br\/aluno\/login.aspx\" target=\"_blank\" rel=\"noopener\">SIGA<\/a> (on-line)<\/p>\n<p><strong>DOCUMENTOS PARA MATR\u00cdCULA (Ingressantes):<\/strong><br \/>\nApresenta\u00e7\u00e3o de uma foto 3X4, recente, e uma c\u00f3pia autenticada em cart\u00f3rio OU c\u00f3pia acompanhada do original, de cada um dos seguintes documentos:<\/p>\n<ul>\n<li>I. certificado de conclus\u00e3o do ensino m\u00e9dio ou equivalente;<\/li>\n<li>II. hist\u00f3rico escolar completo do ensino m\u00e9dio ou equivalente;<\/li>\n<li>III. certid\u00e3o de nascimento ou casamento;<\/li>\n<li>IV. carteira de identidade;<\/li>\n<li>V. cadastro de pessoa f\u00edsica \u2013 CPF (cart\u00e3o de CPF f\u00edsico ou emitido pelo site da Receita Federal);<\/li>\n<li>VI. t\u00edtulo de eleitor, para brasileiros maiores de 18 anos, com comprovante de vota\u00e7\u00e3o ou certid\u00e3o de quita\u00e7\u00e3o eleitoral;<\/li>\n<li>VII. certificado que comprove estar em dia com o servi\u00e7o militar, para brasileiros do sexo masculino, do dia 1\u00ba de janeiro do ano em que o candidato completar 18 (dezoito) anos de idade at\u00e9 31 de dezembro do ano em que completar 45 (quarenta e cinco) anos de idade.<\/li>\n<\/ul>\n<p><b>Hor\u00e1rio de Funcionamento<\/b><br \/>\n\u2013 Segunda-feira: das 08:20h \u00e0s 12h e das 20h \u00e0s 22h<br \/>\n\u2013 Quarta-feira: das 08:20h \u00e0s 12h e das 20h \u00e0s 22h<br \/>\n\u2013 Sexta-feira: das 08:20h \u00e0s 12h e das 20h \u00e0s 22h<br \/>\n\u2013 S\u00e1bado: das 10h \u00e0s 12h<\/p>\n<h3>Comiss\u00e3o Pr\u00f3pria de Avalia\u00e7\u00e3o<\/h3>\n<p>A Comiss\u00e3o Pr\u00f3pria de Avalia\u00e7\u00e3o (CPA) da Faculdade de Tecnologia de Cotia foi constitu\u00edda em mar\u00e7o de 2016, e aprovada pelo Colegiado M\u00e1ximo da Unidade de Ensino em 09\/04\/2016, conforme previsto pela Portaria CEETEPS-GDS n\u00ba 1305, de 31 de maio de 2016 e Lei Federal n\u00ba 10.861\/2004, com representa\u00e7\u00e3o dos segmentos da comunidade universit\u00e1ria e de representante(s) da sociedade civil organizada.<\/p>\n<p>No relat\u00f3rio da CPA, s\u00e3o apresentados os dados e as informa\u00e7\u00f5es referentes aos eixos, dimens\u00f5es e indicadores em conson\u00e2ncia com o Plano de Desenvolvimento Institucional (PDI) da Fatec e em conson\u00e2ncia com as diretrizes emanadas do Centro Paula Souza.<\/p>\n","protected":false},"excerpt":{"rendered":"<p>A Diretoria Acad\u00eamica \u00e9 o \u00f3rg\u00e3o respons\u00e1vel pelo acompanhamento da legisla\u00e7\u00e3o educacional e centralizam os registros, arquivo e expedi\u00e7\u00e3o de documentos de controle acad\u00eamico e atos normativos, sendo um canal de comunica\u00e7\u00e3o na institui\u00e7\u00e3o. Objetivo \u2013 Processar e guardar todos os registros pertinentes \u00e0 vida acad\u00eamica, bem como, frequ\u00eancia, receber e dar resposta aos diversos [&hellip;]<\/p>\n","protected":false},"author":1,"featured_media":0,"parent":0,"menu_order":0,"comment_status":"closed","ping_status":"closed","template":"","meta":{"footnotes":""},"_links":{"self":[{"href":"http:\/\/fateccotia.educacao.ws\/index.php?rest_route=\/wp\/v2\/pages\/672"}],"collection":[{"href":"http:\/\/fateccotia.educacao.ws\/index.php?rest_route=\/wp\/v2\/pages"}],"about":[{"href":"http:\/\/fateccotia.educacao.ws\/index.php?rest_route=\/wp\/v2\/types\/page"}],"author":[{"embeddable":true,"href":"http:\/\/fateccotia.educacao.ws\/index.php?rest_route=\/wp\/v2\/users\/1"}],"replies":[{"embeddable":true,"href":"http:\/\/fateccotia.educacao.ws\/index.php?rest_route=%2Fwp%2Fv2%2Fcomments&post=672"}],"version-history":[{"count":24,"href":"http:\/\/fateccotia.educacao.ws\/index.php?rest_route=\/wp\/v2\/pages\/672\/revisions"}],"predecessor-version":[{"id":1300,"href":"http:\/\/fateccotia.educacao.ws\/index.php?rest_route=\/wp\/v2\/pages\/672\/revisions\/1300"}],"wp:attachment":[{"href":"http:\/\/fateccotia.educacao.ws\/index.php?rest_route=%2Fwp%2Fv2%2Fmedia&parent=672"}],"curies":[{"name":"wp","href":"https:\/\/api.w.org\/{rel}","templated":true}]}}